{"id":340,"date":"2022-10-07T23:30:22","date_gmt":"2022-10-07T21:30:22","guid":{"rendered":"https:\/\/pakman.ovh\/?page_id=340"},"modified":"2022-10-27T10:39:49","modified_gmt":"2022-10-27T08:39:49","slug":"au-rond-point-schuman-durant-la-cop27","status":"publish","type":"page","link":"https:\/\/pakman.ovh\/index.php\/au-rond-point-schuman-durant-la-cop27\/","title":{"rendered":"A la place Robert Schuman durant la COP27"},"content":{"rendered":"\n<p>Pendant la dur\u00e9e de la COP 27, le Collectif Pakman dressera sur la place Robert Schuman (en contrebas du rond-point Schuman), \u00e0 Bruxelles, une r\u00e9plique de la Pierre de Rosette, une tonne de pierre bleue, o\u00f9 sera grav\u00e9, en quatre langues, un texte d\u00e9non\u00e7ant ce cinquantenaire d\u2019inaction et d&rsquo;irresponsabilit\u00e9 politique face au d\u00e9r\u00e8glement climatique.<br>Cette action symbolique permettra d\u2019avoir un lieu de d\u00e9bats, d\u2019\u00e9changes et de rencontres autour du d\u00e9ni climatique et de donner \u00e0 cette probl\u00e9matique urgente, la visibilit\u00e9 qu\u2019elle devrait r\u00e9ellement avoir.<\/p>\n\n\n\n<p>Notez d\u00e9j\u00e0 dans votre agenda le 6 novembre 2022 11h : jour d&rsquo;inauguration de la pierre de Rosette du climat \u00e0 Schuman<\/p>\n\n\n\n<div class=\"wp-block-buttons is-layout-flex wp-block-buttons-is-layout-flex\">\n<div class=\"wp-block-button\"><a class=\"wp-block-button__link\" href=\"https:\/\/www.facebook.com\/events\/961278348596057\">Ajouter le 6 novembre dans votre agenda sur Facebook<\/a><\/div>\n<\/div>\n\n\n\n<p>Il y aura ensuite des d\u00e9bats tous les soirs de la COP27 \u00e0 c\u00f4t\u00e9 de la pierre \u00e0 la place Robert Schuman en face du Berlaymont. Diff\u00e9rents \u00e9v\u00e9nements seront \u00e9galement organis\u00e9s en journ\u00e9e et les week-ends. <a href=\"https:\/\/pakman.ovh\/index.php\/contact\/\" data-type=\"page\" data-id=\"7\">Contactez-nous si vous avez la possibilit\u00e9 d&rsquo;organiser \u00e9galement un \u00e9v\u00e9nement de sensibilisation ou une activit\u00e9 culturelle li\u00e9e.<\/a><\/p>\n\n\n\n<p><strong>Allons plus loin&#8230;<\/strong><\/p>\n\n\n\n<ul class=\"wp-block-list\"><li><a rel=\"noreferrer noopener\" href=\"https:\/\/pakman.ovh\/index.php\/contact\/\" data-type=\"page\" data-id=\"7\" target=\"_blank\">Contactez-nous si vous d\u00e9sirez participer et\/ou organiser un \u00e9v\u00e9nement autour de la pierre<\/a><\/li><li><a rel=\"noreferrer noopener\" href=\"https:\/\/pakman.ovh\/index.php\/comment-nous-soutenir\/\" data-type=\"page\" data-id=\"338\" target=\"_blank\">Soutenez financi\u00e8rement<\/a><a rel=\"noreferrer noopener\" href=\"https:\/\/pakman.ovh\/index.php\/comment-nous-soutenir\/\" data-type=\"page\" data-id=\"338\" target=\"_blank\"> <\/a><a rel=\"noreferrer noopener\" href=\"https:\/\/pakman.ovh\/index.php\/comment-nous-soutenir\/\" data-type=\"page\" data-id=\"338\" target=\"_blank\">e<\/a><a rel=\"noreferrer noopener\" href=\"https:\/\/pakman.ovh\/index.php\/comment-nous-soutenir\/\" data-type=\"page\" data-id=\"338\" target=\"_blank\">t<\/a><a rel=\"noreferrer noopener\" href=\"https:\/\/pakman.ovh\/index.php\/comment-nous-soutenir\/\" data-type=\"page\" data-id=\"338\" target=\"_blank\"> logistiquement<\/a><a rel=\"noreferrer noopener\" href=\"https:\/\/pakman.ovh\/index.php\/comment-nous-soutenir\/\" data-type=\"page\" data-id=\"338\" target=\"_blank\"> ce projet<\/a><\/li><\/ul>\n\n\n\n<figure class=\"wp-block-image size-large\"><img loading=\"lazy\" decoding=\"async\" width=\"1024\" height=\"1024\" src=\"https:\/\/pakman.ovh\/wp-content\/uploads\/2022\/10\/20221023_175851-1024x1024.jpg\" alt=\"\" class=\"wp-image-509\" srcset=\"https:\/\/pakman.ovh\/wp-content\/uploads\/2022\/10\/20221023_175851-1024x1024.jpg 1024w, https:\/\/pakman.ovh\/wp-content\/uploads\/2022\/10\/20221023_175851-300x300.jpg 300w, https:\/\/pakman.ovh\/wp-content\/uploads\/2022\/10\/20221023_175851-150x150.jpg 150w, https:\/\/pakman.ovh\/wp-content\/uploads\/2022\/10\/20221023_175851-768x768.jpg 768w, https:\/\/pakman.ovh\/wp-content\/uploads\/2022\/10\/20221023_175851-1536x1536.jpg 1536w, https:\/\/pakman.ovh\/wp-content\/uploads\/2022\/10\/20221023_175851-2048x2048.jpg 2048w, https:\/\/pakman.ovh\/wp-content\/uploads\/2022\/10\/20221023_175851-1200x1200.jpg 1200w, https:\/\/pakman.ovh\/wp-content\/uploads\/2022\/10\/20221023_175851-1980x1980.jpg 1980w\" sizes=\"auto, (max-width: 1024px) 100vw, 1024px\" \/><\/figure>\n\n\n\n<iframe src=\"https:\/\/www.google.com\/maps\/embed?pb=!1m18!1m12!1m3!1d1586.107273974293!2d4.382958818664393!3d50.84225808160282!2m3!1f0!2f0!3f0!3m2!1i1024!2i768!4f13.1!3m3!1m2!1s0x0%3A0xe0bc1d71024cbc95!2zNTDCsDUwJzMzLjMiTiA0wrAyMic1OS4wIkU!5e1!3m2!1sfr!2sbe!4v1666517210250!5m2!1sfr!2sbe\" style=\"border:0;\" allowfullscreen=\"\" loading=\"lazy\" referrerpolicy=\"no-referrer-when-downgrade\" width=\"600\" height=\"450\"><\/iframe>\n","protected":false},"excerpt":{"rendered":"<p>Pendant la dur\u00e9e de la COP 27, le Collectif Pakman dressera sur la place Robert Schuman (en contrebas du rond-point Schuman), \u00e0 Bruxelles, une r\u00e9plique de la Pierre de Rosette, une tonne de pierre bleue, o\u00f9 sera grav\u00e9, en quatre langues, un texte d\u00e9non\u00e7ant ce cinquantenaire d\u2019inaction et d&rsquo;irresponsabilit\u00e9 politique face au d\u00e9r\u00e8glement climatique.Cette action [&hellip;]<\/p>\n","protected":false},"author":1,"featured_media":0,"parent":0,"menu_order":0,"comment_status":"closed","ping_status":"closed","template":"","meta":{"footnotes":""},"class_list":["post-340","page","type-page","status-publish","hentry"],"_links":{"self":[{"href":"https:\/\/pakman.ovh\/index.php\/wp-json\/wp\/v2\/pages\/340","targetHints":{"allow":["GET"]}}],"collection":[{"href":"https:\/\/pakman.ovh\/index.php\/wp-json\/wp\/v2\/pages"}],"about":[{"href":"https:\/\/pakman.ovh\/index.php\/wp-json\/wp\/v2\/types\/page"}],"author":[{"embeddable":true,"href":"https:\/\/pakman.ovh\/index.php\/wp-json\/wp\/v2\/users\/1"}],"replies":[{"embeddable":true,"href":"https:\/\/pakman.ovh\/index.php\/wp-json\/wp\/v2\/comments?post=340"}],"version-history":[{"count":7,"href":"https:\/\/pakman.ovh\/index.php\/wp-json\/wp\/v2\/pages\/340\/revisions"}],"predecessor-version":[{"id":527,"href":"https:\/\/pakman.ovh\/index.php\/wp-json\/wp\/v2\/pages\/340\/revisions\/527"}],"wp:attachment":[{"href":"https:\/\/pakman.ovh\/index.php\/wp-json\/wp\/v2\/media?parent=340"}],"curies":[{"name":"wp","href":"https:\/\/api.w.org\/{rel}","templated":true}]}}