{"id":48,"date":"2022-11-04T23:01:44","date_gmt":"2022-11-04T22:01:44","guid":{"rendered":"http:\/\/nc.pakman.ovh\/?page_id=48"},"modified":"2022-11-08T21:14:42","modified_gmt":"2022-11-08T20:14:42","slug":"infos-pratiques","status":"publish","type":"page","link":"https:\/\/pakman.ovh\/index.php\/infos-pratiques\/","title":{"rendered":"Infos pratiques"},"content":{"rendered":"\n<p>Acc\u00e8s <strong>libre<\/strong> aux sessions sans inscription pr\u00e9alable.<br>Les sessions dans un chapiteau de 150m\u00b2 non chauff\u00e9 (120 places assises) au c\u0153ur du quartier europ\u00e9en devant le Berlaymont \u00e0 Schuman.<\/p>\n\n\n\n<div class=\"wp-block-buttons is-layout-flex wp-block-buttons-is-layout-flex\">\n<div class=\"wp-block-button\"><a class=\"wp-block-button__link wp-element-button\" href=\"https:\/\/www.google.com\/search?q=meteo+bruxelles\" target=\"_blank\" rel=\"noreferrer noopener\">Pr\u00e9voyez des v\u00eatements en fonction de la m\u00e9t\u00e9o et id\u00e9alement une couverture (il y aura 50 couvertures d&rsquo;appoint sur place)<br>cliquez ici pour v\u00e9rifier la m\u00e9t\u00e9o<\/a><\/div>\n<\/div>\n\n\n\n<p>Le hashtag pour poser les questions sur les r\u00e9seaux sociaux \u00e0 l&rsquo;avance ou \u00e0 distance : postez un message de fa\u00e7on publique sur votre r\u00e9seau pr\u00e9f\u00e9r\u00e9 (Facebook, Twitter, Instagram, <a href=\"mailto:nuitsclimatiques@etsagestion.be\" target=\"_blank\" rel=\"noreferrer noopener\">e-mail<\/a> \u00e0 <strong>nuitsclimatiques@etsagestion.be<\/strong>) en mentionnant <a rel=\"noreferrer noopener\" href=\"https:\/\/twitter.com\/hashtag\/SchumanCOP27?src=hashtag_click&amp;f=live\" target=\"_blank\"><strong>#SchumanCOP27<\/strong><\/a> et en pr\u00e9cisant le th\u00e8me si possible<\/p>\n\n\n\n<blockquote class=\"wp-block-quote is-layout-flow wp-block-quote-is-layout-flow\">\n<p><strong>Les s\u00e9ances se font \u00e0 l&rsquo;ext\u00e9rieur (sous chapiteau) : pr\u00e9voyez des habits chauds en fonction de la m\u00e9t\u00e9o et\/ou une couverture. Les \u00e9tablissements les plus proches ouverts le soir sont \u00e0 la place Jourdan (5 minutes de marche) car le quartier europ\u00e9en est peu fr\u00e9quent\u00e9 le soir. <\/strong><\/p>\n<cite>Un participant averti en vaut deux<\/cite><\/blockquote>\n\n\n\n<p><strong>O\u00f9 ?<\/strong> Sous chapiteau, face au b\u00e2timent Berlaymont<br>Place Robert Schuman, \u00e0 Bruxelles (<a rel=\"noreferrer noopener\" href=\"https:\/\/goo.gl\/maps\/GrLK4o3FgYL1KR3t6\" target=\"_blank\">Google<\/a> &#8211; <a rel=\"noreferrer noopener\" href=\"https:\/\/www.bing.com\/maps?osid=0b653002-f872-4f72-92de-439f997a0ef0&amp;cp=50.842444~4.383205&amp;lvl=20.293436&amp;pi=0&amp;v=2&amp;sV=2&amp;form=S00027\" target=\"_blank\">Bing<\/a>)<br>(selon les GPS\/Smartphones, choisir rond-point Schuman)<br><br>Quand ? <a href=\"http:\/\/nc.pakman.ovh\/agenda-nuits-climatiques\/\" data-type=\"page\" data-id=\"32\">Du 5 au 20 novembre<\/a><\/p>\n\n\n\n<p>En transports publiques : <a rel=\"noreferrer noopener\" href=\"http:\/\/www.belgianrail.be\/fr\/gares\/recherche-gares\/2\/BRUXELLES-SCHUMAN.aspx\" target=\"_blank\">Gare Bruxelles-Schuman<\/a> \/ <a rel=\"noreferrer noopener\" href=\"https:\/\/www.stib-mivb.be\/article.html?l=fr&amp;_guid=00266bf9-0883-3410-bc80-cd51a4d340c3\" target=\"_blank\">Station \/ Arr\u00eat Schuman<\/a><\/p>\n\n\n\n<p><strong>M\u00e9t\u00e9o pr\u00e9vue pour la semaine 1 de #SchumanCOP27 du 7\/11\/2022 au 13\/11\/2022:<\/strong><\/p>\n\n\n\n<figure class=\"wp-block-image size-full\"><img decoding=\"async\" src=\"https:\/\/nc.pakman.ovh\/wp-content\/uploads\/2022\/11\/image-7.png\" alt=\"\" class=\"wp-image-148\"\/><\/figure>\n\n\n\n<iframe src=\"https:\/\/www.google.com\/maps\/embed?pb=!1m18!1m12!1m3!1d1586.107273974293!2d4.382958818664393!3d50.84225808160282!2m3!1f0!2f0!3f0!3m2!1i1024!2i768!4f13.1!3m3!1m2!1s0x0%3A0xe0bc1d71024cbc95!2zNTDCsDUwJzMzLjMiTiA0wrAyMic1OS4wIkU!5e1!3m2!1sfr!2sbe!4v1666517210250!5m2!1sfr!2sbe\" style=\"border:0;\" allowfullscreen=\"\" loading=\"lazy\" referrerpolicy=\"no-referrer-when-downgrade\" width=\"600\" height=\"450\"><\/iframe>\n\n\n\n<p>Le chapiteau de 150 m\u00b2 avec podium :<\/p>\n\n\n<div class=\"wp-block-image\">\n<figure class=\"aligncenter size-large\"><img decoding=\"async\" src=\"https:\/\/nc.pakman.ovh\/wp-content\/uploads\/2022\/11\/DSC03321-1024x684.jpg\" alt=\"\" class=\"wp-image-140\"\/><\/figure>\n<\/div>\n\n\n<figure class=\"wp-block-video\"><video controls src=\"https:\/\/nc.pakman.ovh\/wp-content\/uploads\/2022\/11\/20221105_083405.mp4\"><\/video><figcaption class=\"wp-element-caption\">Vue de l&rsquo;int\u00e9rieur du chapiteau #SchumanCOP27<\/figcaption><\/figure>\n","protected":false},"excerpt":{"rendered":"<p>Acc\u00e8s libre aux sessions sans inscription pr\u00e9alable.Les sessions dans un chapiteau de 150m\u00b2 non chauff\u00e9 (120 places assises) au c\u0153ur du quartier europ\u00e9en devant le Berlaymont \u00e0 Schuman. Le hashtag pour poser les questions sur les r\u00e9seaux sociaux \u00e0 l&rsquo;avance ou \u00e0 distance : postez un message de fa\u00e7on publique sur votre r\u00e9seau pr\u00e9f\u00e9r\u00e9 (Facebook, [&hellip;]<\/p>\n","protected":false},"author":1,"featured_media":0,"parent":0,"menu_order":0,"comment_status":"closed","ping_status":"closed","template":"","meta":{"footnotes":""},"class_list":["post-48","page","type-page","status-publish","hentry"],"_links":{"self":[{"href":"https:\/\/pakman.ovh\/index.php\/wp-json\/wp\/v2\/pages\/48","targetHints":{"allow":["GET"]}}],"collection":[{"href":"https:\/\/pakman.ovh\/index.php\/wp-json\/wp\/v2\/pages"}],"about":[{"href":"https:\/\/pakman.ovh\/index.php\/wp-json\/wp\/v2\/types\/page"}],"author":[{"embeddable":true,"href":"https:\/\/pakman.ovh\/index.php\/wp-json\/wp\/v2\/users\/1"}],"replies":[{"embeddable":true,"href":"https:\/\/pakman.ovh\/index.php\/wp-json\/wp\/v2\/comments?post=48"}],"version-history":[{"count":2,"href":"https:\/\/pakman.ovh\/index.php\/wp-json\/wp\/v2\/pages\/48\/revisions"}],"predecessor-version":[{"id":729,"href":"https:\/\/pakman.ovh\/index.php\/wp-json\/wp\/v2\/pages\/48\/revisions\/729"}],"wp:attachment":[{"href":"https:\/\/pakman.ovh\/index.php\/wp-json\/wp\/v2\/media?parent=48"}],"curies":[{"name":"wp","href":"https:\/\/api.w.org\/{rel}","templated":true}]}}