{"id":142,"date":"2021-11-10T23:49:10","date_gmt":"2021-11-10T22:49:10","guid":{"rendered":"http:\/\/seempleetoo.be\/bottomup\/?page_id=6"},"modified":"2022-12-02T12:25:44","modified_gmt":"2022-12-02T11:25:44","slug":"a-propos-de","status":"publish","type":"page","link":"https:\/\/pakman.ovh\/?page_id=142","title":{"rendered":"\u00c0 propos de Pakman"},"content":{"rendered":"\n<p><strong>Pakman<\/strong> est un collectif qui a vu le jour suite \u00e0 la publication, dans La Libre Belgique, le 2 ao\u00fbt 2022, de la carte blanche \u00ab\u00a0<a href=\"https:\/\/pakman.ovh\/index.php\/2022\/07\/13\/cb-mais-ou-est-donc-le-6eme-rapport\/\" data-type=\"post\" data-id=\"138\">Mais o\u00f9 est donc pass\u00e9 le sixi\u00e8me rapport du GIEC&nbsp;?<\/a>\u00a0\u00bb <\/p>\n\n\n\n<p>qui d\u00e9nonce le d\u00e9ni climatique collectif dans lequel nous sommes emp\u00eatr\u00e9s.<\/p>\n\n\n\n<p>Le <strong>Collectif Pakman<\/strong> (en r\u00e9f\u00e9rence, notamment, \u00e0 ce bonhomme glouton qui d\u00e9vore tout sur son passage), ce sont des citoyens de tous horizons, qui se sont associ\u00e9s pour d\u00e9noncer le <strong>d\u00e9ni climatique<\/strong> et inciter tous les niveaux de pouvoir \u00e0 prendre rapidement et d\u00e9mocratiquement les d\u00e9cisions qui s&rsquo;imposent.<\/p>\n\n\n\n<p>En 2022, <strong>50 ans<\/strong> apr\u00e8s la publication du fameux rapport Meadows \u00ab&nbsp;Les limites \u00e0 la croissance&nbsp;\u00bb, la conf\u00e9rence internationale du climat &#8211; la <strong>COP 27<\/strong>, aura lieu en <strong>Egypte<\/strong>,du 6 au 18 novembre prochains. Un nouveau rendez-vous avec l\u2019espoir ou la d\u00e9sillusion\u2026<\/p>\n\n\n\n<p>Et pourtant, il y a urgence. Ces derni\u00e8res ann\u00e9es, aucun continent n&rsquo;\u00e9chappe aux <strong>ph\u00e9nom\u00e8nes climatiques extr\u00eames<\/strong>: inondations, typhons, incendies, canicules, s\u00e9cheresses,&#8230;<\/p>\n\n\n\n<p><br><a href=\"https:\/\/www.undrr.org\/publication\/human-cost-disasters-overview-last-20-years-2000-2019#:~:text=In%20the%20period%202000%20to,over%20the%20previous%20twenty%20years.\" target=\"_blank\" rel=\"noreferrer noopener\">L&rsquo;ONU avertit<\/a>: toutes ces catastrophes ne vont faire que se multiplier et s\u2019intensifier. En cause, le <strong>changement climatique<\/strong> et l\u2019<strong>effondrement de la biodiversit\u00e9<\/strong>, eux-m\u00eames provoqu\u00e9s par l&rsquo;<strong>activit\u00e9 humaine<\/strong>, ainsi qu&rsquo;une gestion inad\u00e9quate des risques.<\/p>\n\n\n\n<p>Le <a href=\"https:\/\/www.ipcc.ch\/report\/ar6\/wg3\/\" target=\"_blank\" rel=\"noreferrer noopener\"><strong>3\u00e8me volet du sixi\u00e8me rapport du GIEC<\/strong><\/a>, publi\u00e9 le 4 avril dernier et intitul\u00e9 \u201cAtt\u00e9nuation des changements climatiques\u201d, met en \u00e9vidence qu\u2019il y a un tr\u00e8s grand nombre de d\u00e9cisions qui peuvent \u00eatre prises pour r\u00e9duire les cons\u00e9quences n\u00e9gatives de l&rsquo;activit\u00e9 humaine sur notre plan\u00e8te.<\/p>\n\n\n\n<p>Or, aujourd\u2019hui, les d\u00e9cisions se font encore et toujours attendre.<\/p>\n\n\n\n<p><br>Malgr\u00e9 le fait que notre gouvernement ait \u00e9t\u00e9 <a href=\"https:\/\/www.lesoir.be\/395074\/article\/2021-09-15\/climat-condamnee-en-juin-la-belgique-na-pas-fait-le-moindre-geste\" target=\"_blank\" rel=\"noreferrer noopener\">condamn\u00e9 pour <strong>inaction climatique<\/strong><\/a>, malgr\u00e9 les appels r\u00e9p\u00e9t\u00e9s de l\u2019ONU \u00e0 enrayer la <strong>spirale d\u2019autodestruction<\/strong> dans laquelle nous sommes, malgr\u00e9 la <strong>multiplication d\u2019avertissements<\/strong> de la part de nombreux scientifiques, malgr\u00e9 les <strong>nombreuses manifestations<\/strong> dans le monde entier, nous sommes t\u00e9moins du <strong>d\u00e9ni <\/strong>et de <strong>l&rsquo;irresponsabilit\u00e9<\/strong> de nos dirigeants.<\/p>\n\n\n\n<p>C\u2019est pourquoi, une des premi\u00e8res actions du collectif a \u00e9t\u00e9 d\u2019interpeller les membres du gouvernement et les pr\u00e9sidents de partis par mail pour leur soumettre la carte blanche et leur demander d\u2019y r\u00e9agir.<\/p>\n\n\n\n<p><br>Ensuite, pendant la dur\u00e9e de la <strong>COP 27<\/strong>, le <strong>Collectif Pakman<\/strong> dressera sur le rond-point Schuman, \u00e0 Bruxelles, une r\u00e9plique de la <strong>Pierre de Rosette<\/strong>, une tonne de pierre bleue, o\u00f9 sera grav\u00e9, en quatre langues, un texte d\u00e9non\u00e7ant ce <strong>cinquantenaire d\u2019inaction et d&rsquo;irresponsabilit\u00e9 politique<\/strong> face au <strong>d\u00e9r\u00e8glement climatique<\/strong>.<\/p>\n\n\n\n<p>Cette <strong>action symbolique<\/strong> permettra d\u2019avoir un lieu de <strong>d\u00e9bats<\/strong>, d\u2019<strong>\u00e9changes<\/strong> et de <strong>rencontres<\/strong> autour du <strong>d\u00e9ni climatique<\/strong> et de donner \u00e0 cette probl\u00e9matique urgente, la <strong>visibilit\u00e9 <\/strong>qu\u2019elle devrait r\u00e9ellement avoir.<\/p>\n\n\n\n<p>Le collectif est d\u00e9cid\u00e9 \u00e0 soutenir les initiatives des associations \u0153uvrant pour l\u2019environnement \/ le climat \/ la biodiversit\u00e9 et de fa\u00e7on ultime \u00e0 la pr\u00e9servation d\u2019une soci\u00e9t\u00e9 vivant dans un \u00e9quilibre par rapport aux ressources offertes par notre plan\u00e8te.<\/p>\n\n\n\n<p>N\u2019h\u00e9sitez pas \u00e0 rejoindre notre <a rel=\"noreferrer noopener\" href=\"https:\/\/www.facebook.com\/profile.php?id=100085141586310\" target=\"_blank\">page Facebook<\/a> et sur <a rel=\"noreferrer noopener\" href=\"https:\/\/www.instagram.com\/pakman_50\/\" target=\"_blank\">notre compte Instagram<\/a>.<\/p>\n\n\n\n<p>Ou encore mieux&#8230; venez nous pr\u00eater main forte et rejoignez le collectif:<\/p>\n\n\n\n<p>Vous pouvez nous contacter par <a rel=\"noreferrer noopener\" href=\"https:\/\/www.facebook.com\/profile.php?id=100085141586310\" target=\"_blank\">Messenger \u00e0 partir de cette page<\/a><\/p>\n\n\n\n<p>ou par email \u00e0 l&rsquo;adresse <a href=\"mailto:deniclimatique@gmail.com\">deniclimatique@gmail.com<\/a><\/p>\n\n\n\n<div class=\"wp-block-group is-nowrap is-layout-flex wp-container-core-group-is-layout-ad2f72ca wp-block-group-is-layout-flex\">\n<figure class=\"wp-block-image size-full\"><img decoding=\"async\" src=\"https:\/\/pakman.ovh\/wp-content\/uploads\/2022\/10\/Pakman_logo_mini.jpg\" alt=\"\" class=\"wp-image-350\"\/><\/figure>\n\n\n\n<p><a href=\"https:\/\/pakman.ovh\/index.php\/gravons-le-deni-climatique-dans-la-pierre\/\" data-type=\"page\" data-id=\"334\">Ensemble, d\u00e9non\u00e7ons le d\u00e9ni climatique<\/a><\/p>\n<\/div>\n","protected":false},"excerpt":{"rendered":"<p>Pakman est un collectif qui a vu le jour suite \u00e0 la publication, dans La Libre Belgique, le 2 ao\u00fbt 2022, de la carte blanche \u00ab\u00a0Mais o\u00f9 est donc pass\u00e9 le sixi\u00e8me rapport du GIEC&nbsp;?\u00a0\u00bb qui d\u00e9nonce le d\u00e9ni climatique collectif dans lequel nous sommes emp\u00eatr\u00e9s. Le Collectif Pakman (en r\u00e9f\u00e9rence, notamment, \u00e0 ce bonhomme [&hellip;]<\/p>\n","protected":false},"author":1,"featured_media":0,"parent":0,"menu_order":0,"comment_status":"closed","ping_status":"closed","template":"","meta":{"footnotes":""},"class_list":["post-142","page","type-page","status-publish","hentry"],"_links":{"self":[{"href":"https:\/\/pakman.ovh\/index.php?rest_route=\/wp\/v2\/pages\/142","targetHints":{"allow":["GET"]}}],"collection":[{"href":"https:\/\/pakman.ovh\/index.php?rest_route=\/wp\/v2\/pages"}],"about":[{"href":"https:\/\/pakman.ovh\/index.php?rest_route=\/wp\/v2\/types\/page"}],"author":[{"embeddable":true,"href":"https:\/\/pakman.ovh\/index.php?rest_route=\/wp\/v2\/users\/1"}],"replies":[{"embeddable":true,"href":"https:\/\/pakman.ovh\/index.php?rest_route=%2Fwp%2Fv2%2Fcomments&post=142"}],"version-history":[{"count":9,"href":"https:\/\/pakman.ovh\/index.php?rest_route=\/wp\/v2\/pages\/142\/revisions"}],"predecessor-version":[{"id":902,"href":"https:\/\/pakman.ovh\/index.php?rest_route=\/wp\/v2\/pages\/142\/revisions\/902"}],"wp:attachment":[{"href":"https:\/\/pakman.ovh\/index.php?rest_route=%2Fwp%2Fv2%2Fmedia&parent=142"}],"curies":[{"name":"wp","href":"https:\/\/api.w.org\/{rel}","templated":true}]}}