{"id":330,"date":"2022-10-07T23:16:24","date_gmt":"2022-10-07T21:16:24","guid":{"rendered":"https:\/\/pakman.ovh\/?page_id=330"},"modified":"2022-11-06T08:08:12","modified_gmt":"2022-11-06T07:08:12","slug":"deni-climatique","status":"publish","type":"page","link":"https:\/\/pakman.ovh\/?page_id=330","title":{"rendered":"D\u00e9ni climatique?"},"content":{"rendered":"\n<p>Le r\u00e9chauffement climatique fait consensus scientifique. La responsabilit\u00e9 de l&rsquo;homme \u00e9galement.<\/p>\n\n\n\n<p>Malgr\u00e9 cela, nous minimisons, doutons, freinons. Malgr\u00e9 les rapports du GIEC, nous procrastinons. La soci\u00e9t\u00e9 semble collectivement pass\u00e9e du sceptiscisme au d\u00e9ni.<\/p>\n\n\n\n<p>Le <a href=\"https:\/\/pakman.ovh\/index.php\/a-propos-de\/\" data-type=\"page\" data-id=\"142\">collectif Pakman<\/a> d\u00e9nonce ce d\u00e9ni climatique, en organisant des actions d&rsquo;interpellation et de sensibilisation.<\/p>\n\n\n\n<p>Nous interpelons les hommes et femmes politiques en particulier: leur strat\u00e9gie d&rsquo;\u00e9vitement est \u00e0 l&rsquo;oppos\u00e9 m\u00eame de leur responsabilit\u00e9 face \u00e0 un enjeu collectif majeur.<\/p>\n\n\n\n<p>Nous interpelons \u00e9galement citoyens, acad\u00e9miques, chefs d&rsquo;entreprise, etc. Nous vous interpelons : dites stop au d\u00e9ni climatique, reconnaissons l&rsquo;ampleur de l&rsquo;enjeu, sortez de notre r\u00e9serve; <br>Mettons-nous en mouvement.<\/p>\n\n\n\n<h4 class=\"wp-block-heading\">Allons plus loin&#8230;<\/h4>\n\n\n\n<ul class=\"wp-block-list\">\n<li><a href=\"https:\/\/pakman.ovh\/index.php\/2022\/07\/13\/cb-mais-ou-est-donc-le-6eme-rapport\/\" data-type=\"post\" data-id=\"138\">Signez notre carte blanche<\/a><\/li>\n\n\n\n<li><a href=\"https:\/\/pakman.ovh\/index.php\/gravons-le-deni-climatique-dans-la-pierre\/\" data-type=\"page\" data-id=\"334\">Soutenez notre Pierre de Rosette 2.0<\/a><\/li>\n\n\n\n<li><a href=\"https:\/\/pakman.ovh\/index.php\/contact\/\" data-type=\"page\" data-id=\"7\">Rejoignez-nous<\/a><\/li>\n<\/ul>\n\n\n\n<p><a href=\"https:\/\/www.rtbf.be\/auvio\/detail_l-actu?id=2927750\" target=\"_blank\" rel=\"noreferrer noopener\">Passage dans l&rsquo;\u00e9mission D\u00e9clic sur la radio de la RTBF, La premi\u00e8re<\/a><\/p>\n\n\n\n<figure class=\"wp-block-embed is-type-video is-provider-youtube wp-block-embed-youtube wp-embed-aspect-16-9 wp-has-aspect-ratio\"><div class=\"wp-block-embed__wrapper\">\n<iframe loading=\"lazy\" title=\"Mais o\u00f9 est donc pass\u00e9 le 6\u00e8me rapport du GIEC?\" width=\"580\" height=\"326\" src=\"https:\/\/www.youtube.com\/embed\/QQ4jVLhz0fQ?feature=oembed\" frameborder=\"0\" allow=\"accelerometer; autoplay; clipboard-write; encrypted-media; gyroscope; picture-in-picture; web-share\" referrerpolicy=\"strict-origin-when-cross-origin\" allowfullscreen><\/iframe>\n<\/div><\/figure>\n\n\n<div class=\"wp-block-image\">\n<figure class=\"aligncenter size-full\"><img loading=\"lazy\" decoding=\"async\" width=\"384\" height=\"403\" src=\"https:\/\/pakman.ovh\/wp-content\/uploads\/2022\/10\/Pakman_Collectif_visuel_202208A.jpg\" alt=\"\" class=\"wp-image-344\" srcset=\"https:\/\/pakman.ovh\/wp-content\/uploads\/2022\/10\/Pakman_Collectif_visuel_202208A.jpg 384w, https:\/\/pakman.ovh\/wp-content\/uploads\/2022\/10\/Pakman_Collectif_visuel_202208A-286x300.jpg 286w\" sizes=\"auto, (max-width: 384px) 100vw, 384px\" \/><\/figure>\n<\/div>\n\n\n<p>Courrier envoy\u00e9 aux partis et personnalit\u00e9s politiques qui ont bien voulu r\u00e9agir \u00e0 la parution de notre carte blanche :<\/p>\n\n\n\n<blockquote class=\"wp-block-quote is-layout-flow wp-block-quote-is-layout-flow\">\n<p>Nous vous remercions pour votre r\u00e9ponse.N\u00e9anmoins, vu l&rsquo;\u00e9tat d&rsquo;urgence climatique et environnemental, nous nous permettons de revenir vers vous.En effet, les politiques men\u00e9es actuellement sont clairement insuffisantes.Un rapport r\u00e9cent montre qu&rsquo;au premier trimestre de cette ann\u00e9e,&nbsp;<strong><u>les \u00e9missions de gaz \u00e0 effet de serre ont augment\u00e9 dans l&rsquo;Union Europ\u00e9enne<\/u><\/strong>. Et l&rsquo;\u00e9valuation de la tendance en Belgique par la Commission nationale climat (2021) ne laisse rien pr\u00e9sager de bon (voir fichier joint).<strong><u>Nous n&rsquo;allons clairement pas dans la bonne direction!<\/u><\/strong><\/p>\n\n\n\n<p>Nous nous permettons donc de revenir vers vous pour vous poser les questions suivantes:<\/p>\n\n\n\n<p>1)&nbsp;&nbsp;&nbsp;&nbsp;Avez-vous lu le r\u00e9sum\u00e9 du 3<sup>\u00e8me<\/sup>&nbsp;volet du 6<sup>\u00e8me<\/sup>&nbsp;rapport du GIEC, destin\u00e9 aux d\u00e9cideurs&nbsp;? Parution le 04 avril 2022,&nbsp;<a href=\"https:\/\/www.ipcc.ch\/report\/ar6\/wg3\/\" target=\"_blank\" rel=\"noreferrer noopener\">https:\/\/www.ipcc.ch\/report\/ar6\/wg3\/<\/a>&nbsp;&nbsp;&#8211;&gt;&nbsp;<a href=\"https:\/\/plateforme-wallonne-giec.be\/re6\" target=\"_blank\" rel=\"noreferrer noopener\">https:\/\/plateforme-wallonne-giec.be\/re6<\/a><\/p>\n\n\n\n<p>Un groupe de travail approfondit-il ce sujet dans votre parti\/cabinet avec l\u2019objectif d\u2019obtenir des r\u00e9sultats significatifs \u00e0 un horizon de moins de 2 ans ?<\/p>\n\n\n\n<p>2)&nbsp;&nbsp;&nbsp;&nbsp;Quelle est la place des rapports du GIEC dans vos d\u00e9cisions politiques ?<\/p>\n\n\n\n<p>3)&nbsp;&nbsp;&nbsp;&nbsp;Est-ce que vous reconnaissez\/acceptez que l\u2019objectif prioritaire est que le pic des \u00e9missions de gaz \u00e0 effet de serre doit \u00eatre atteint dans les 2 prochaines ann\u00e9es au plus tard ?<\/p>\n\n\n\n<p>4)&nbsp;&nbsp;&nbsp;&nbsp;Consid\u00e9rez-vous que les actions entreprises pour att\u00e9nuer le d\u00e9r\u00e8glement climatique soient suffisantes et suffisamment rapides ?<\/p>\n\n\n\n<p>5)&nbsp;&nbsp;&nbsp;&nbsp;Quels sont les freins \u00e0 la mise en \u0153uvre d\u2019actions pour r\u00e9duire drastiquement notre utilisation des ressources fossiles afin de limiter les \u00e9missions de gaz \u00e0 effet de serre ?<\/p>\n\n\n\n<p>Nous vous remercions d&rsquo;avance pour vos r\u00e9ponses.<\/p>\n\n\n\n<p>Nous tenons \u00e0 porter \u00e0 votre connaissance que ce mail a \u00e9galement \u00e9t\u00e9 envoy\u00e9 \u00e0 tous les pr\u00e9sidents de partis et ministres comp\u00e9tents.&nbsp;<\/p>\n\n\n\n<p>Nous vous informons \u00e9galement&nbsp;que les accus\u00e9s de r\u00e9ception et les r\u00e9ponses re\u00e7ues seront rendues publiques pour le lundi 7 novembre, jour d&rsquo;ouverture de la COP 27.<\/p>\n\n\n\n<p>Bien cordialement.<\/p>\n\n\n\n<p>Pour le&nbsp;<strong>Collectif Pakman<\/strong>,<\/p>\n\n\n\n<p>Samuel Melchior<\/p>\n\n\n\n<p>S\u00e9bastien Erkens<\/p>\n\n\n\n<p>St\u00e9phane Vanden Eede<\/p>\n\n\n\n<p>Bernard Lambeau<\/p>\n\n\n\n<p>C\u00e9line Bertrand<\/p>\n\n\n\n<p>Le <strong>Collectif Pakman<\/strong> (en r\u00e9f\u00e9rence, notamment, \u00e0 ce bonhomme glouton qui d\u00e9vore tout sur son passage), ce sont des citoyens qui se sont associ\u00e9s pour d\u00e9noncer le <strong>d\u00e9ni climatique<\/strong> et inciter tous les niveaux de pouvoir \u00e0 prendre rapidement et d\u00e9mocratiquement les d\u00e9cisions qui s&rsquo;imposent.<\/p>\n<\/blockquote>\n","protected":false},"excerpt":{"rendered":"<p>Le r\u00e9chauffement climatique fait consensus scientifique. La responsabilit\u00e9 de l&rsquo;homme \u00e9galement. Malgr\u00e9 cela, nous minimisons, doutons, freinons. Malgr\u00e9 les rapports du GIEC, nous procrastinons. La soci\u00e9t\u00e9 semble collectivement pass\u00e9e du sceptiscisme au d\u00e9ni. Le collectif Pakman d\u00e9nonce ce d\u00e9ni climatique, en organisant des actions d&rsquo;interpellation et de sensibilisation. Nous interpelons les hommes et femmes politiques [&hellip;]<\/p>\n","protected":false},"author":1,"featured_media":0,"parent":0,"menu_order":0,"comment_status":"closed","ping_status":"closed","template":"","meta":{"footnotes":""},"class_list":["post-330","page","type-page","status-publish","hentry"],"_links":{"self":[{"href":"https:\/\/pakman.ovh\/index.php?rest_route=\/wp\/v2\/pages\/330","targetHints":{"allow":["GET"]}}],"collection":[{"href":"https:\/\/pakman.ovh\/index.php?rest_route=\/wp\/v2\/pages"}],"about":[{"href":"https:\/\/pakman.ovh\/index.php?rest_route=\/wp\/v2\/types\/page"}],"author":[{"embeddable":true,"href":"https:\/\/pakman.ovh\/index.php?rest_route=\/wp\/v2\/users\/1"}],"replies":[{"embeddable":true,"href":"https:\/\/pakman.ovh\/index.php?rest_route=%2Fwp%2Fv2%2Fcomments&post=330"}],"version-history":[{"count":9,"href":"https:\/\/pakman.ovh\/index.php?rest_route=\/wp\/v2\/pages\/330\/revisions"}],"predecessor-version":[{"id":662,"href":"https:\/\/pakman.ovh\/index.php?rest_route=\/wp\/v2\/pages\/330\/revisions\/662"}],"wp:attachment":[{"href":"https:\/\/pakman.ovh\/index.php?rest_route=%2Fwp%2Fv2%2Fmedia&parent=330"}],"curies":[{"name":"wp","href":"https:\/\/api.w.org\/{rel}","templated":true}]}}