{"id":334,"date":"2022-10-07T23:21:31","date_gmt":"2022-10-07T21:21:31","guid":{"rendered":"https:\/\/pakman.ovh\/?page_id=334"},"modified":"2022-11-06T18:33:49","modified_gmt":"2022-11-06T17:33:49","slug":"gravons-le-deni-climatique-dans-la-pierre","status":"publish","type":"page","link":"https:\/\/pakman.ovh\/?page_id=334","title":{"rendered":"Gravons le d\u00e9ni climatique dans la pierre"},"content":{"rendered":"\n<p>Il y a 200 ans, Champollion d\u00e9chiffrait la Pierre de Rosette. Il y a 50 ans, le rapport de Meadows \u00e9tait publi\u00e9.<\/p>\n\n\n\n<p>Malgr\u00e9 la condamnation de notre gouvernement pour inaction climatique, Malgr\u00e9 la multiplication des alertes scientifiques, Nous sommes t\u00e9moins du d\u00e9ni et de l&rsquo;irresponsabilit\u00e9 de nos dirigeants.<\/p>\n\n\n\n<figure class=\"wp-block-embed is-type-video is-provider-youtube wp-block-embed-youtube wp-embed-aspect-16-9 wp-has-aspect-ratio\"><div class=\"wp-block-embed__wrapper\">\n<iframe loading=\"lazy\" title=\"Pierre de Rosette 2.0 - Trailer 1 FR\" width=\"580\" height=\"326\" src=\"https:\/\/www.youtube.com\/embed\/iY3a1jH9kSU?feature=oembed\" frameborder=\"0\" allow=\"accelerometer; autoplay; clipboard-write; encrypted-media; gyroscope; picture-in-picture; web-share\" referrerpolicy=\"strict-origin-when-cross-origin\" allowfullscreen><\/iframe>\n<\/div><\/figure>\n\n\n\n<p>C&rsquo;est pourquoi, durant toute la dur\u00e9e de la COP27 du 7 au 20 novembre 2022, en plein c\u0153ur du quartier europ\u00e9en de Bruxelles, sur la place Robert Schuman, le collectif Pakman a dress\u00e9 une pierre de Rosette version 2.0: <strong>une Pierre de Rosette du climat<\/strong>.<\/p>\n\n\n\n<p>Nous y avons grav\u00e9 en 4 langues, 50 ans d&rsquo;inaction climatique.<\/p>\n\n\n\n<p>Avec entre autres, cette question singuli\u00e8re:<br><a href=\"https:\/\/pakman.ovh\/index.php\/2022\/07\/13\/cb-mais-ou-est-donc-le-6eme-rapport\/\" data-type=\"post\" data-id=\"138\">Mais o\u00f9 est donc pass\u00e9 le 6\u00e8me rapport du GIEC?<\/a><\/p>\n\n\n\n<p>Les \u00e9tapes&#8230;<\/p>\n\n\n\n<ul class=\"wp-block-list\">\n<li>Accompagner <a href=\"https:\/\/pakman.ovh\/index.php\/5-nov-2022-le-voyage-de-la-pierre-de-rosette-du-climat\/\" data-type=\"page\" data-id=\"534\">le convoi le samedi 5 novembre 2022 d&rsquo;Ottignies \u00e0 Bruxelles<\/a> pour amener la pierre.<\/li>\n\n\n\n<li>Inauguration de la pierre le <strong>dimanche 6 novembre 2022 \u00e0 11h<\/strong> \u00e0 l&rsquo;esplanade Robert Schuman <a rel=\"noreferrer noopener\" href=\"https:\/\/goo.gl\/maps\/mAbAnpiQ9m5Ka46DA\" target=\"_blank\">(cliquez ici pour afficher sur une carte)<\/a><\/li>\n\n\n\n<li>Rejoignez-nous \u00e0 l&rsquo;esplanade Robert Schuman <a rel=\"noreferrer noopener\" href=\"https:\/\/goo.gl\/maps\/mAbAnpiQ9m5Ka46DA\" target=\"_blank\">(cliquez ici pour afficher sur une carte)<\/a> devant le b\u00e2timent de la commission europ\u00e9enne, le Berlaymont le plus souvent possible entre le 6 et le 21 novembre 2022.<\/li>\n\n\n\n<li><a href=\"https:\/\/pakman.ovh\/index.php\/contact\/\" data-type=\"page\" data-id=\"7\">Devenez b\u00e9n\u00e9vole pour garder la pierre de Rosette du climat pendant 24h avec deux autres personnes<\/a><\/li>\n<\/ul>\n\n\n<div class=\"wp-block-image\">\n<figure class=\"aligncenter size-thumbnail\"><img loading=\"lazy\" decoding=\"async\" width=\"150\" height=\"150\" src=\"https:\/\/pakman.ovh\/wp-content\/uploads\/2022\/10\/Schuman_Berlaymont_20221002-150x150.jpg\" alt=\"\" class=\"wp-image-492\" srcset=\"https:\/\/pakman.ovh\/wp-content\/uploads\/2022\/10\/Schuman_Berlaymont_20221002-150x150.jpg 150w, https:\/\/pakman.ovh\/wp-content\/uploads\/2022\/10\/Schuman_Berlaymont_20221002-300x300.jpg 300w, https:\/\/pakman.ovh\/wp-content\/uploads\/2022\/10\/Schuman_Berlaymont_20221002-768x768.jpg 768w, https:\/\/pakman.ovh\/wp-content\/uploads\/2022\/10\/Schuman_Berlaymont_20221002.jpg 967w\" sizes=\"auto, (max-width: 150px) 100vw, 150px\" \/><\/figure>\n<\/div>\n\n\n<ul class=\"wp-block-list\">\n<li>Soutenez financi\u00e8rement ce projet <a href=\"https:\/\/pakman.ovh\/index.php\/comment-nous-soutenir\/\" data-type=\"page\" data-id=\"338\">par virement ou en nous aidant<\/a><\/li>\n\n\n\n<li><a href=\"https:\/\/pakman.ovh\/index.php\/contact\/\" data-type=\"page\" data-id=\"7\">Rejoignez le collectif et aidez-nous pour nos actions \u00e0 Schuman<\/a><\/li>\n<\/ul>\n\n\n\n<figure class=\"wp-block-image alignfull size-large is-style-default\"><a href=\"https:\/\/pakman.ovh\/index.php\/agenda-cop27\/\"><img loading=\"lazy\" decoding=\"async\" width=\"1024\" height=\"1024\" src=\"https:\/\/pakman.ovh\/wp-content\/uploads\/2022\/11\/20221106_115532-1024x1024.jpg\" alt=\"\" class=\"wp-image-678\" srcset=\"https:\/\/pakman.ovh\/wp-content\/uploads\/2022\/11\/20221106_115532-1024x1024.jpg 1024w, https:\/\/pakman.ovh\/wp-content\/uploads\/2022\/11\/20221106_115532-300x300.jpg 300w, https:\/\/pakman.ovh\/wp-content\/uploads\/2022\/11\/20221106_115532-150x150.jpg 150w, https:\/\/pakman.ovh\/wp-content\/uploads\/2022\/11\/20221106_115532-768x768.jpg 768w, https:\/\/pakman.ovh\/wp-content\/uploads\/2022\/11\/20221106_115532-1536x1536.jpg 1536w, https:\/\/pakman.ovh\/wp-content\/uploads\/2022\/11\/20221106_115532-2048x2048.jpg 2048w, https:\/\/pakman.ovh\/wp-content\/uploads\/2022\/11\/20221106_115532-1200x1200.jpg 1200w, https:\/\/pakman.ovh\/wp-content\/uploads\/2022\/11\/20221106_115532-1980x1980.jpg 1980w\" sizes=\"auto, (max-width: 1024px) 100vw, 1024px\" \/><\/a><figcaption class=\"wp-element-caption\">Rendez-vous place Robert Schuman \u00e0 Bruxelles <br>entre le 6 et le 21 novembre 2022<\/figcaption><\/figure>\n","protected":false},"excerpt":{"rendered":"<p>Il y a 200 ans, Champollion d\u00e9chiffrait la Pierre de Rosette. Il y a 50 ans, le rapport de Meadows \u00e9tait publi\u00e9. Malgr\u00e9 la condamnation de notre gouvernement pour inaction climatique, Malgr\u00e9 la multiplication des alertes scientifiques, Nous sommes t\u00e9moins du d\u00e9ni et de l&rsquo;irresponsabilit\u00e9 de nos dirigeants. C&rsquo;est pourquoi, durant toute la dur\u00e9e de [&hellip;]<\/p>\n","protected":false},"author":1,"featured_media":0,"parent":0,"menu_order":0,"comment_status":"closed","ping_status":"closed","template":"","meta":{"footnotes":""},"class_list":["post-334","page","type-page","status-publish","hentry"],"_links":{"self":[{"href":"https:\/\/pakman.ovh\/index.php?rest_route=\/wp\/v2\/pages\/334","targetHints":{"allow":["GET"]}}],"collection":[{"href":"https:\/\/pakman.ovh\/index.php?rest_route=\/wp\/v2\/pages"}],"about":[{"href":"https:\/\/pakman.ovh\/index.php?rest_route=\/wp\/v2\/types\/page"}],"author":[{"embeddable":true,"href":"https:\/\/pakman.ovh\/index.php?rest_route=\/wp\/v2\/users\/1"}],"replies":[{"embeddable":true,"href":"https:\/\/pakman.ovh\/index.php?rest_route=%2Fwp%2Fv2%2Fcomments&post=334"}],"version-history":[{"count":25,"href":"https:\/\/pakman.ovh\/index.php?rest_route=\/wp\/v2\/pages\/334\/revisions"}],"predecessor-version":[{"id":684,"href":"https:\/\/pakman.ovh\/index.php?rest_route=\/wp\/v2\/pages\/334\/revisions\/684"}],"wp:attachment":[{"href":"https:\/\/pakman.ovh\/index.php?rest_route=%2Fwp%2Fv2%2Fmedia&parent=334"}],"curies":[{"name":"wp","href":"https:\/\/api.w.org\/{rel}","templated":true}]}}