{"id":338,"date":"2022-10-07T23:24:59","date_gmt":"2022-10-07T21:24:59","guid":{"rendered":"https:\/\/pakman.ovh\/?page_id=338"},"modified":"2022-11-06T06:20:20","modified_gmt":"2022-11-06T05:20:20","slug":"comment-nous-soutenir","status":"publish","type":"page","link":"https:\/\/pakman.ovh\/?page_id=338","title":{"rendered":"Comment nous soutenir ?"},"content":{"rendered":"\n<div class=\"wp-block-buttons is-layout-flex wp-block-buttons-is-layout-flex\">\n<div class=\"wp-block-button\"><a class=\"wp-block-button__link wp-element-button\" href=\"https:\/\/pakman.ovh\/index.php\/contact\/\">Notre plus grande urgence:<br>Nous cherchons des b\u00e9n\u00e9voles pour aider a garder la pierre 24h sur 24 pendant la COP27 \u00e0 Schuman<\/a><\/div>\n<\/div>\n\n\n\n<ul class=\"wp-block-list\">\n<li>Nous manquons de b\u00e9n\u00e9voles pour surveiller la pierre et le site \u00e0 Schuman pendant toute la COP27 : constituez des \u00e9quipes pour nous aider (par exemple : essayez d&rsquo;avoir une \u00e9quipe de minimum 3 personnes pour tenir la nuit &#8211; tout le confort avec toilette est pr\u00e9vu pour ne pas avoir froid et la police assure une intervention rapide via le 112 gr\u00e2ce aux autorisations que nous avons. Plusieurs gardes de s\u00e9curit\u00e9 sont dans les environs car ils surveillent les b\u00e2timents du quartier europ\u00e9en. Il faut toujours la pr\u00e9sence d&rsquo;une personne majeur, bien \u00e9videmment)<\/li>\n\n\n\n<li>Partagez sur <a href=\"https:\/\/www.facebook.com\/profile.php?id=100085141586310\">Facebook<\/a>, <a href=\"https:\/\/www.instagram.com\/pakman_50\/\">Instagram<\/a>, et <a href=\"https:\/\/www.tiktok.com\/@pakman_50\">Tiktok<\/a> car c&rsquo;est le seul moyen avec ces algorithmes qui ne r\u00e9agissent qu&rsquo;aux commentaires, aux likes et aux partages. Donc ajoutez des likes, partagez,&#8230; m\u00eame si ce n&rsquo;est pas dans la culture belge de cliquer ainsi&#8230; Faites une exception pendant la COP27 et likez \u00e0 tout va \ud83d\ude42<\/li>\n\n\n\n<li>Rejoignez-nous <a href=\"https:\/\/pakman.ovh\/index.php\/2022\/10\/07\/en-route-vers-le-rond-point-schuman\/\" data-type=\"post\" data-id=\"314\">au rond point Schuman durant la COP27<\/a>, ou encore mieux : dans <a href=\"https:\/\/pakman.ovh\/index.php\/a-propos-de\/\" data-type=\"page\" data-id=\"142\">l&rsquo;organisation des actions<\/a> (aidez-nous aux relectures des textes, pour la logistique,&#8230;)<\/li>\n<\/ul>\n\n\n\n<ul class=\"wp-block-list\">\n<li>Participez \u00e0 notre financement par un simple virement, vous pouvez verser votre don sur le compte du collectif : <\/li>\n<\/ul>\n\n\n<div class=\"wp-block-image\">\n<figure class=\"aligncenter size-full\"><img loading=\"lazy\" decoding=\"async\" width=\"274\" height=\"225\" src=\"https:\/\/pakman.ovh\/wp-content\/uploads\/2022\/10\/Pakman_Appel_Compte_Lambeau_202209BIC.png\" alt=\"\" class=\"wp-image-431\"\/><\/figure>\n<\/div>\n\n\n<p>Envoyez-nous un <a rel=\"noreferrer noopener\" href=\"https:\/\/www.facebook.com\/profile.php?id=100085141586310\" target=\"_blank\">message sur Messenger<\/a> ou un e-mail si vous d\u00e9sirez obtenir le num\u00e9ro de compte sous format texte que vous pourrez copier-coller dans votre application bancaire. Ce sera peut-\u00eatre l&rsquo;occasion d&rsquo;\u00e9changer sur notre action et de d\u00e9marrer une conversation sur les sujets qui vous tiennent \u00e0 c\u0153ur : <a rel=\"noreferrer noopener\" href=\"mailto:deniclimatique@gmail.com\" target=\"_blank\">deniclimatique@gmail.com<\/a> <\/p>\n\n\n\n<div class=\"wp-block-buttons is-content-justification-center is-layout-flex wp-container-core-buttons-is-layout-16018d1d wp-block-buttons-is-layout-flex\">\n<div class=\"wp-block-button\"><a class=\"wp-block-button__link wp-element-button\" href=\"https:\/\/www.kisskissbankbank.com\/fr\/projects\/pierre-de-rosette-2-0\" target=\"_blank\" rel=\"noreferrer noopener\">Pour m\u00e9moire : le crowdfunding de la phase 2.0<\/a><\/div>\n<\/div>\n\n\n\n<p><\/p>\n","protected":false},"excerpt":{"rendered":"<p>Envoyez-nous un message sur Messenger ou un e-mail si vous d\u00e9sirez obtenir le num\u00e9ro de compte sous format texte que vous pourrez copier-coller dans votre application bancaire. Ce sera peut-\u00eatre l&rsquo;occasion d&rsquo;\u00e9changer sur notre action et de d\u00e9marrer une conversation sur les sujets qui vous tiennent \u00e0 c\u0153ur : deniclimatique@gmail.com<\/p>\n","protected":false},"author":1,"featured_media":0,"parent":0,"menu_order":0,"comment_status":"closed","ping_status":"closed","template":"","meta":{"footnotes":""},"class_list":["post-338","page","type-page","status-publish","hentry"],"_links":{"self":[{"href":"https:\/\/pakman.ovh\/index.php?rest_route=\/wp\/v2\/pages\/338","targetHints":{"allow":["GET"]}}],"collection":[{"href":"https:\/\/pakman.ovh\/index.php?rest_route=\/wp\/v2\/pages"}],"about":[{"href":"https:\/\/pakman.ovh\/index.php?rest_route=\/wp\/v2\/types\/page"}],"author":[{"embeddable":true,"href":"https:\/\/pakman.ovh\/index.php?rest_route=\/wp\/v2\/users\/1"}],"replies":[{"embeddable":true,"href":"https:\/\/pakman.ovh\/index.php?rest_route=%2Fwp%2Fv2%2Fcomments&post=338"}],"version-history":[{"count":20,"href":"https:\/\/pakman.ovh\/index.php?rest_route=\/wp\/v2\/pages\/338\/revisions"}],"predecessor-version":[{"id":639,"href":"https:\/\/pakman.ovh\/index.php?rest_route=\/wp\/v2\/pages\/338\/revisions\/639"}],"wp:attachment":[{"href":"https:\/\/pakman.ovh\/index.php?rest_route=%2Fwp%2Fv2%2Fmedia&parent=338"}],"curies":[{"name":"wp","href":"https:\/\/api.w.org\/{rel}","templated":true}]}}