{"id":558,"date":"2022-11-03T09:20:39","date_gmt":"2022-11-03T08:20:39","guid":{"rendered":"https:\/\/pakman.ovh\/?page_id=558"},"modified":"2022-11-20T08:25:33","modified_gmt":"2022-11-20T07:25:33","slug":"agenda-cop27","status":"publish","type":"page","link":"https:\/\/pakman.ovh\/?page_id=558","title":{"rendered":"Agenda #SchumanCOP27"},"content":{"rendered":"\n<p>Chapiteau \/ Pierre de Rosette du climat : <a href=\"https:\/\/pakman.ovh\/index.php\/infos-pratiques\/\" data-type=\"page\" data-id=\"48\">Esplanade Robert Schuman &#8211; cliquez ici pour obtenir les infos pratique<\/a><\/p>\n\n\n\n<figure class=\"wp-block-table\"><table><tbody><tr><td>Sam 5 nov 2022<\/td><td><a href=\"https:\/\/pakman.ovh\/index.php\/5-nov-2022-le-voyage-de-la-pierre-de-rosette-du-climat\/\" data-type=\"page\" data-id=\"534\">D\u00e9part \u00e0 10h de Limelette vers Schuman en v\u00e9lo (accueil 9h30)<\/a><\/td><\/tr><tr><td>Dim 6 nov 2022<\/td><td>11h00 : Inauguration <a href=\"https:\/\/pakman.ovh\/index.php\/gravons-le-deni-climatique-dans-la-pierre\/\" data-type=\"page\" data-id=\"334\">\u00e0 la place Robert Schuman de la pierre de Rosette du climat<\/a><br><br>12h30 : Pr\u00e9sentation et \u00e9changes avec les repr\u00e9sentants du <a rel=\"noreferrer noopener\" href=\"https:\/\/www.flowproject.be\/\" target=\"_blank\">Flow Project<\/a><br><br>L&rsquo;apr\u00e8s-midi et le soir : \u00e9changes entre citoyens et les b\u00e9n\u00e9voles qui seront pr\u00e9sents pendant toute la COP27 \u00e0 la place Robert Schuman<\/td><\/tr><tr><td>Lun 7 au jeu 10 nov 2022<\/td><td><a href=\"http:\/\/nc.pakman.ovh\">Nuits climatiques (organis\u00e9es par le forum interuniversitaire de Belgique)<br>1 th\u00e8me par soir (voir ci-dessous)<br>S\u00e9ance 1 : 18h30 \u00e0 20h<br>S\u00e9ance 2 : 20h30 \u00e0 22h<\/a><\/td><\/tr><tr><td>Mer 9 nov 2022<\/td><td>Apr\u00e8s-midi : Fresques du climat<br><br>18h30 &#8211; 22h : Nuit climatique<\/td><\/tr><tr><td>Ven 11 nov 2022<\/td><td>10h &#8211; 17h30 : Journ\u00e9e des transitions avec la pr\u00e9sence de <a rel=\"noreferrer noopener\" href=\"https:\/\/www.robhopkins.net\/about\/\" target=\"_blank\">Rob Hopkins<\/a> attendue en d\u00e9but d&rsquo;apr\u00e8s-midi<br>17h : documentaire \u00ab\u00a0Aujourd&rsquo;hui&rsquo; de <a rel=\"noreferrer noopener\" href=\"https:\/\/www.davidislas.be\/video\/\" target=\"_blank\">David Islas<\/a><br>20h : Cin\u00e9 Diamant Palace <\/td><\/tr><tr><td>Du 11 jusqu&rsquo;au 15 nov 2022<\/td><td><a href=\"https:\/\/pakman.ovh\/index.php\/exposition-les-14-stations\/\" data-type=\"page\" data-id=\"788\">Exposition Les 14 stations<\/a><\/td><\/tr><tr><td>Sam 12 nov 2022<\/td><td>Assembl\u00e9e citoyenne &#8211; <a rel=\"noreferrer noopener\" href=\"https:\/\/riseforclimatebelgium.eu\/\" target=\"_blank\">Rise for climate<\/a> : <br><a rel=\"noreferrer noopener\" href=\"https:\/\/www.facebook.com\/events\/691956921989890?ref=newsfeed\" target=\"_blank\">14:00 \u00e0 17:00<br>COP 27 global day of action : Combien de temps encore ?<\/a><\/td><\/tr><tr><td>Dim 13 nov 2022<\/td><td><strong><a href=\"https:\/\/pakman.ovh\/index.php\/concert-schumancop27\/\" data-type=\"page\" data-id=\"771\">Concert #SchumanCOP27<\/a><\/strong><br>13h : Citizen open Mic with <a rel=\"noreferrer noopener\" href=\"https:\/\/youthforclimate.be\/\" target=\"_blank\">Youth for Climate<\/a><br>14h : Music for climate action with <a href=\"https:\/\/pakman.ovh\/index.php\/concert-schumancop27\/\" data-type=\"page\" data-id=\"771\">WeAre, Sen &amp; killthelogo <\/a><br>_______<br>17h : Sieste musicale M\u00e9galopolis (<a rel=\"noreferrer noopener\" href=\"https:\/\/fr.wikipedia.org\/wiki\/M\u00e9galopolis_(com\u00e9die_musicale)\" target=\"_blank\">cliquez ici pour la page Wikipedia<\/a>)<\/td><\/tr><tr><td>14 au 17<br>nov 2022<\/td><td><a href=\"http:\/\/nc.pakman.ovh\/\">Nuits climatiques (organis\u00e9es par le forum interuniversitaire de Belgique)<br>1 th\u00e8me par soir (voir ci-dessous)<br>S\u00e9ance 1 : 18h30 \u00e0 20h<br>S\u00e9ance 2 : 20h30 \u00e0 22h<\/a><\/td><\/tr><tr><td>Mar 15 nov 2022<\/td><td>A l\u2019invitation des <a rel=\"noreferrer noopener\" href=\"https:\/\/gpclimat.be\/\" target=\"_blank\">Grands-parents pour le climat<\/a> :<br>&gt; 14h-15h: \u00ab Action contre Total en France : obtenir le devoir de vigilance des entreprises en Belgique et en Europe.\u00bb Zo\u00e9 Dubois, charg\u00e9e du plaidoyer \u00e0 Achact<br>&gt; 15h00 \u00ab\u00a0Sortir du Trait\u00e9 de la Charte de l\u2019Energie\u00a0\u00bb  avec Sophie Wintgens, du CNCD \/ <br>&gt; 15h30 -17h00: Panel de discussion entre jeunes et les <a rel=\"noreferrer noopener\" href=\"https:\/\/gpclimat.be\/\" target=\"_blank\">Grands Parents pour le Climat<\/a>, avec Th\u00e9r\u00e8se Snoy (GPC)<br>___________<br>17h00 &#8211; 17h50 : Bruxelles sans pub (formation anti-pub)<br>___________<br>18h30 &#8211; 22h : <a href=\"http:\/\/nc.pakman.ovh\/\">Nuit climatique<\/a> &#8211; Education &amp; transmission<\/td><\/tr><tr><td>Mer 16 nov 2022<\/td><td>12h30 &#8211; 18h : <a rel=\"noreferrer noopener\" href=\"https:\/\/fresqueduclimat.org\/\" target=\"_blank\">Fresques du climat<\/a><br>___________<br>18h30 &#8211; 22h : <a href=\"http:\/\/nc.pakman.ovh\/\">Nuit climatique<\/a> &#8211; Biodiversit\u00e9<\/td><\/tr><tr><td>Jeu 17 nov 2022<\/td><td>18h30 &#8211; 22h : <a href=\"http:\/\/nc.pakman.ovh\/\">Nuit climatique<\/a> &#8211; Sant\u00e9<\/td><\/tr><tr><td>Ven 18 nov 2022<\/td><td>9h &#8211; 12h: <a rel=\"noreferrer noopener\" href=\"https:\/\/fresqueduclimat.org\/\" target=\"_blank\">Fresques du climat<\/a><br>___________<br>13h30 &#8211; 16h : Animations pour les \u00e9coles (sur demande) en collaboration avec <a rel=\"noreferrer noopener\" href=\"https:\/\/gpclimat.be\/\" target=\"_blank\">Grands-parents pour le climat<\/a><br>___________<br>16h30 jusqu&rsquo;au soir : \u00e9change avec les membres de Pakman sur le d\u00e9ni climatique &#8211; venez  quand vous voulez, il y aura toujours quelqu&rsquo;un<\/td><\/tr><tr><td>Sam 19 nov 2022<\/td><td><strong>9h &#8211; 11h <\/strong>: \u00c9changes sur la visualisation de la probl\u00e9matique du d\u00e9ni <br>___________<br><strong>11h \u00e0 12h30 :<\/strong> Pr\u00e9sentation projet Slowheat <a rel=\"noreferrer noopener\" href=\"https:\/\/www.slowheat.org\/?fbclid=IwAR0a4jjF4FIZdLGEUO26ptYfeRG3Rd2kJzoGK1lcHGzEh4npfvnhZd_CcXo\" target=\"_blank\">https:\/\/www.slowheat.org\/<\/a> <br>Avec Gr\u00e9goire Wallenborn (ULB)<br>___________<br><strong>12h30 \u00e0 14h<\/strong> : Stop ecocide Belgium <br>___________<br><strong>14h :<\/strong> Assembl\u00e9e citoyenne (th\u00e8mes \u00e0 d\u00e9finir en fonction des <a href=\"https:\/\/pakman.ovh\/index.php\/contact\/\" data-type=\"page\" data-id=\"7\">demandes des citoyens<\/a> tout au long de la 2\u00e8me semaine de la COP27)<br>___________<br>18h &#8211; 19h30 : Pr\u00e9sentation et \u00e9changes avec les repr\u00e9sentants du <a rel=\"noreferrer noopener\" href=\"https:\/\/www.flowproject.be\/\" target=\"_blank\">Flow Project<\/a> en partant de la probl\u00e9matique du plastique<br>___________<br><strong>20h :<\/strong>  <a rel=\"noreferrer noopener\" href=\"https:\/\/www.facebook.com\/events\/2244196899080423\/\" target=\"_blank\">Conf\u00e9rence-spectacle Olivier Terwagne, Matthieu Peltier<\/a> :<a rel=\"noreferrer noopener\" href=\"https:\/\/www.facebook.com\/events\/2244196899080423\/\" target=\"_blank\"> \u00ab\u00a0L&rsquo;\u00e9cologie, quand il est trop tard\u00a0\u00bb<\/a> (PAF : 5 EUR)<\/td><\/tr><tr><td>Dim 20 nov 2022<\/td><td>Midi : Auberge espagnole ouverte \u00e0 tous sur la place Schuman pour f\u00eater (la fin de) l&rsquo;occupation<br>____________<br>16h &#8211; 18h <a href=\"https:\/\/riseforclimatebelgium.eu\/\">Rise for climate : \u00ab\u00a0Rassemblement Boycott World Cup Qatar for Climate\u00a0\u00bb &#8211; place Schuman<\/a><br>____________<br>18h30 &#8211; 22h Soir\u00e9e de cl\u00f4ture et synth\u00e8se des nuits climatiques<br>____________<br>22h : f\u00e9eries lumineuses <\/td><\/tr><\/tbody><\/table><figcaption class=\"wp-element-caption\">Fin de l&rsquo;occupation (soft) de l&rsquo;esplanade Robert Schuman<\/figcaption><\/figure>\n\n\n\n<p><a href=\"https:\/\/pakman.ovh\/index.php\/contact\/\" data-type=\"page\" data-id=\"7\">Pour ajouter un \u00e9v\u00e9nement ou tout contact : cliquez ici<\/a><\/p>\n\n\n\n<p><strong><a href=\"https:\/\/pakman.ovh\/index.php\/infos-pratiques\/\" data-type=\"page\" data-id=\"48\">Esplanade Robert Schuman &#8211; cliquez ici pour obtenir les infos pratique<\/a><\/strong><\/p>\n\n\n\n<p><\/p>\n\n\n\n<p><a href=\"http:\/\/nc.pakman.ovh\">Les d\u00e9bats organis\u00e9s par les universit\u00e9s belges tous les soirs du lundi au jeudi avec la soir\u00e9e de synth\u00e8se du 20 novembre 2022<\/a> se feront dans les trois langues (FR, NL et EN), il y aura \u00e0 chaque fois un groupe pour que vous puissiez vous exprimer en fran\u00e7ais. Sans votre pr\u00e9sence, le d\u00e9bat ne sera pas complet : nous vous attendons donc pour pouvoir \u00e9changer avec vous. Merci d&rsquo;avance pour vos pr\u00e9sences au plus grand nombre possible de soir\u00e9es selon vos disponibilit\u00e9s :<\/p>\n\n\n\n<figure class=\"wp-block-image size-full\"><a href=\"nc.pakman.ovh\/\"><img loading=\"lazy\" decoding=\"async\" width=\"602\" height=\"301\" src=\"https:\/\/pakman.ovh\/wp-content\/uploads\/2022\/11\/COP27-Agenda-2022-11-03-104527.jpg\" alt=\"\" class=\"wp-image-566\" srcset=\"https:\/\/pakman.ovh\/wp-content\/uploads\/2022\/11\/COP27-Agenda-2022-11-03-104527.jpg 602w, https:\/\/pakman.ovh\/wp-content\/uploads\/2022\/11\/COP27-Agenda-2022-11-03-104527-300x150.jpg 300w\" sizes=\"auto, (max-width: 602px) 100vw, 602px\" \/><\/a><\/figure>\n\n\n\n<p>En transports publics : <a rel=\"noreferrer noopener\" href=\"http:\/\/www.belgianrail.be\/fr\/gares\/recherche-gares\/2\/BRUXELLES-SCHUMAN.aspx\" target=\"_blank\">Gare Bruxelles-Schuman<\/a> \/ <a rel=\"noreferrer noopener\" href=\"https:\/\/www.stib-mivb.be\/article.html?l=fr&amp;_guid=00266bf9-0883-3410-bc80-cd51a4d340c3\" target=\"_blank\">Station \/ Arr\u00eat Schuman<\/a><\/p>\n\n\n\n<blockquote class=\"wp-block-quote is-layout-flow wp-block-quote-is-layout-flow\">\n<p><strong>Les s\u00e9ances se font \u00e0 l&rsquo;ext\u00e9rieur (sous chapiteau) : pr\u00e9voyez des habits chauds en fonction de la m\u00e9t\u00e9o et\/ou une couverture. Les \u00e9tablissements les plus proches ouverts le soir sont \u00e0 la place Jourdan (5 minutes de marche) car le quartier europ\u00e9en est peu fr\u00e9quent\u00e9 le soir. <\/strong><\/p>\n\n\n\n<p>Nous avons 50 couvertures wollekes sur place pour d\u00e9panner<\/p>\n<cite>Un participant averti en vaut deux<\/cite><\/blockquote>\n\n\n\n<p><strong>M\u00e9t\u00e9o pr\u00e9vue pour le dimanche 20\/11\/2022:<\/strong><\/p>\n\n\n\n<figure class=\"wp-block-image size-full\"><img loading=\"lazy\" decoding=\"async\" width=\"362\" height=\"391\" src=\"https:\/\/pakman.ovh\/wp-content\/uploads\/2022\/11\/Meteo-2022-11-20-082429.jpg\" alt=\"\" class=\"wp-image-865\" srcset=\"https:\/\/pakman.ovh\/wp-content\/uploads\/2022\/11\/Meteo-2022-11-20-082429.jpg 362w, https:\/\/pakman.ovh\/wp-content\/uploads\/2022\/11\/Meteo-2022-11-20-082429-278x300.jpg 278w\" sizes=\"auto, (max-width: 362px) 100vw, 362px\" \/><\/figure>\n","protected":false},"excerpt":{"rendered":"<p>Chapiteau \/ Pierre de Rosette du climat : Esplanade Robert Schuman &#8211; cliquez ici pour obtenir les infos pratique Sam 5 nov 2022 D\u00e9part \u00e0 10h de Limelette vers Schuman en v\u00e9lo (accueil 9h30) Dim 6 nov 2022 11h00 : Inauguration \u00e0 la place Robert Schuman de la pierre de Rosette du climat 12h30 : [&hellip;]<\/p>\n","protected":false},"author":1,"featured_media":0,"parent":0,"menu_order":0,"comment_status":"closed","ping_status":"closed","template":"","meta":{"footnotes":""},"class_list":["post-558","page","type-page","status-publish","hentry"],"_links":{"self":[{"href":"https:\/\/pakman.ovh\/index.php?rest_route=\/wp\/v2\/pages\/558","targetHints":{"allow":["GET"]}}],"collection":[{"href":"https:\/\/pakman.ovh\/index.php?rest_route=\/wp\/v2\/pages"}],"about":[{"href":"https:\/\/pakman.ovh\/index.php?rest_route=\/wp\/v2\/types\/page"}],"author":[{"embeddable":true,"href":"https:\/\/pakman.ovh\/index.php?rest_route=\/wp\/v2\/users\/1"}],"replies":[{"embeddable":true,"href":"https:\/\/pakman.ovh\/index.php?rest_route=%2Fwp%2Fv2%2Fcomments&post=558"}],"version-history":[{"count":77,"href":"https:\/\/pakman.ovh\/index.php?rest_route=\/wp\/v2\/pages\/558\/revisions"}],"predecessor-version":[{"id":866,"href":"https:\/\/pakman.ovh\/index.php?rest_route=\/wp\/v2\/pages\/558\/revisions\/866"}],"wp:attachment":[{"href":"https:\/\/pakman.ovh\/index.php?rest_route=%2Fwp%2Fv2%2Fmedia&parent=558"}],"curies":[{"name":"wp","href":"https:\/\/api.w.org\/{rel}","templated":true}]}}