{"id":617,"date":"2022-11-05T12:35:08","date_gmt":"2022-11-05T11:35:08","guid":{"rendered":"https:\/\/pakman.ovh\/?page_id=617"},"modified":"2022-11-13T11:15:01","modified_gmt":"2022-11-13T10:15:01","slug":"pierre","status":"publish","type":"page","link":"https:\/\/pakman.ovh\/?page_id=617","title":{"rendered":"Et si on pla\u00e7ait des cairns devant tous les b\u00e2timents?"},"content":{"rendered":"\n<blockquote class=\"wp-block-quote is-layout-flow wp-block-quote-is-layout-flow\">\n<p>#ClimateStones<\/p>\n<cite>laissons un t\u00e9moignage num\u00e9rique pour les g\u00e9n\u00e9rations futures<\/cite><\/blockquote>\n\n\n\n<p>Devant tous les b\u00e2timents, faisons des cairns : <a rel=\"noreferrer noopener\" href=\"https:\/\/fr.wikipedia.org\/wiki\/Cairn\" target=\"_blank\">https:\/\/fr.wikipedia.org\/wiki\/Cairn<\/a>) pour rappeler \u00e0 tous les politiciens du monde que les conclusions scientifiques sont claires et qu&rsquo;ils doivent maintenant agir.<\/p>\n\n\n\n<p>Les politiciens doivent agir d&rsquo;urgence \u00e0 tous les niveaux et marquons cela pacifiquement d&rsquo;une pierre dans chaque village, dans chaque ville.<\/p>\n\n\n\n<p>Rendons cet appel \u00e0 la raison omnipr\u00e9sent, en solidarit\u00e9 avec les g\u00e9n\u00e9rations futures.<\/p>\n\n\n\n<p>Ajoutez-y <strong>si possible<\/strong> un L pour les 50 ans du rapport Meadows et surtout pour les limites de notre environnement et de notre plan\u00e8te que nous d\u00e9passons sans arr\u00eat. Utilisez pour cela de la peinture, de la craie ou constituez tout simplement un L avec des petites branches.<\/p>\n\n\n\n<p>Toutes les photos seront li\u00e9es par le hashtag <strong>#ClimateStones<\/strong> en r\u00e9f\u00e9rence aux <a rel=\"noreferrer noopener\" href=\"https:\/\/fr.wikipedia.org\/wiki\/Pierre_de_la_faim\" target=\"_blank\">hunger stones<\/a> (<a rel=\"noreferrer noopener\" href=\"https:\/\/fr.wikipedia.org\/wiki\/Pierre_de_la_faim\" target=\"_blank\">pierres de la faim<\/a>). Cette fois-ci, nous laisserons aux g\u00e9n\u00e9rations futures des traces num\u00e9riques de ce moment de d\u00e9ni climatique dans lequel nous \u00e9voluons.<\/p>\n\n\n\n<p><strong>La proposition :<\/strong><\/p>\n\n\n\n<p>Prenez en photo ces pierres que vous aurez empil\u00e9es et partagez-les sur les r\u00e9seaux sociaux avec le hashtag <strong>#ClimateStones<\/strong> et n&rsquo;h\u00e9sitez pas \u00e0 ajouter les hashtags <strong>#pierre<\/strong> <strong>#PakmanL<\/strong> : Nous pourrons ainsi les partager et les mettre en commun sur nos r\u00e9seaux sociaux et sur le site \ud83d\uddff\u2764\ud83d\ude09<\/p>\n\n\n\n<div class=\"wp-block-buttons is-content-justification-center is-layout-flex wp-container-core-buttons-is-layout-16018d1d wp-block-buttons-is-layout-flex\">\n<div class=\"wp-block-button\"><a class=\"wp-block-button__link wp-element-button\" href=\"mailto:pierre@pakman.ovh\" target=\"_blank\" rel=\"noreferrer noopener\">pierre@pakman.ovh<\/a><\/div>\n<\/div>\n\n\n\n<p>Envoyez-nous aussi un lien ou une photo (si elle n&rsquo;est pas partag\u00e9e en mode public accessible \u00e0 tous) de votre <a rel=\"noreferrer noopener\" href=\"https:\/\/fr.wikipedia.org\/wiki\/Cairn\" target=\"_blank\">cairn<\/a> \u00e0 l&rsquo;adresse mail : pierre@pakman.ovh<\/p>\n\n\n\n<figure class=\"wp-block-image size-full\"><img loading=\"lazy\" decoding=\"async\" width=\"1024\" height=\"891\" src=\"https:\/\/pakman.ovh\/wp-content\/uploads\/2022\/11\/Action-avec-hashtag-ClimateStones-on-top-of-old-one.jpg\" alt=\"\" class=\"wp-image-813\" srcset=\"https:\/\/pakman.ovh\/wp-content\/uploads\/2022\/11\/Action-avec-hashtag-ClimateStones-on-top-of-old-one.jpg 1024w, https:\/\/pakman.ovh\/wp-content\/uploads\/2022\/11\/Action-avec-hashtag-ClimateStones-on-top-of-old-one-300x261.jpg 300w, https:\/\/pakman.ovh\/wp-content\/uploads\/2022\/11\/Action-avec-hashtag-ClimateStones-on-top-of-old-one-768x668.jpg 768w\" sizes=\"auto, (max-width: 1024px) 100vw, 1024px\" \/><figcaption class=\"wp-element-caption\">et pourquoi pas \u00e0 l&rsquo;\u00e9tranger aussi?<\/figcaption><\/figure>\n\n\n\n<div class=\"wp-block-buttons is-content-justification-center is-layout-flex wp-container-core-buttons-is-layout-16018d1d wp-block-buttons-is-layout-flex\">\n<div class=\"wp-block-button\"><a class=\"wp-block-button__link wp-element-button\" href=\"https:\/\/www.facebook.com\/hashtag\/climatestones\" target=\"_blank\" rel=\"noreferrer noopener\">#ClimateStones sur Facebook<\/a><\/div>\n<\/div>\n\n\n\n<p>Plusieurs pierres en \u00e9quilibre avec un L peint dessus <\/p>\n\n\n\n<p>L pour les 50 ans en chiffre romain du rapport Meadows mais aussi pour les limites de la plan\u00e8te<\/p>\n\n\n\n<div class=\"wp-block-buttons is-content-justification-center is-nowrap is-layout-flex wp-container-core-buttons-is-layout-1fb9aab6 wp-block-buttons-is-layout-flex\">\n<div class=\"wp-block-button\"><a class=\"wp-block-button__link wp-element-button\" href=\"https:\/\/www.instagram.com\/explore\/tags\/climatestones\/\" target=\"_blank\" rel=\"noreferrer noopener\">#ClimateStones sur Instagram<\/a><\/div>\n\n\n\n<div class=\"wp-block-button\"><a class=\"wp-block-button__link wp-element-button\" href=\"https:\/\/twitter.com\/search?q=%23climatestones&amp;src=typed_query&amp;f=live\" target=\"_blank\" rel=\"noreferrer noopener\">#ClimateStones sur Twitter<\/a><\/div>\n<\/div>\n\n\n\n<blockquote class=\"wp-block-quote is-layout-flow wp-block-quote-is-layout-flow\">\n<p>#ClimateStones<\/p>\n<\/blockquote>\n\n\n<div class=\"wp-block-image\">\n<figure class=\"aligncenter size-full\"><img loading=\"lazy\" decoding=\"async\" width=\"299\" height=\"301\" src=\"https:\/\/pakman.ovh\/wp-content\/uploads\/2022\/11\/image.png\" alt=\"\" class=\"wp-image-647\" srcset=\"https:\/\/pakman.ovh\/wp-content\/uploads\/2022\/11\/image.png 299w, https:\/\/pakman.ovh\/wp-content\/uploads\/2022\/11\/image-150x150.png 150w\" sizes=\"auto, (max-width: 299px) 100vw, 299px\" \/><figcaption class=\"wp-element-caption\">Code QR \u00e0 scanner avec le t\u00e9l\u00e9phone des personnes avec qui vous voulez partager cette action<\/figcaption><\/figure>\n<\/div>","protected":false},"excerpt":{"rendered":"<p>#ClimateStones laissons un t\u00e9moignage num\u00e9rique pour les g\u00e9n\u00e9rations futures Devant tous les b\u00e2timents, faisons des cairns : https:\/\/fr.wikipedia.org\/wiki\/Cairn) pour rappeler \u00e0 tous les politiciens du monde que les conclusions scientifiques sont claires et qu&rsquo;ils doivent maintenant agir. Les politiciens doivent agir d&rsquo;urgence \u00e0 tous les niveaux et marquons cela pacifiquement d&rsquo;une pierre dans chaque village, [&hellip;]<\/p>\n","protected":false},"author":1,"featured_media":813,"parent":0,"menu_order":0,"comment_status":"closed","ping_status":"closed","template":"","meta":{"footnotes":""},"class_list":["post-617","page","type-page","status-publish","has-post-thumbnail","hentry"],"_links":{"self":[{"href":"https:\/\/pakman.ovh\/index.php?rest_route=\/wp\/v2\/pages\/617","targetHints":{"allow":["GET"]}}],"collection":[{"href":"https:\/\/pakman.ovh\/index.php?rest_route=\/wp\/v2\/pages"}],"about":[{"href":"https:\/\/pakman.ovh\/index.php?rest_route=\/wp\/v2\/types\/page"}],"author":[{"embeddable":true,"href":"https:\/\/pakman.ovh\/index.php?rest_route=\/wp\/v2\/users\/1"}],"replies":[{"embeddable":true,"href":"https:\/\/pakman.ovh\/index.php?rest_route=%2Fwp%2Fv2%2Fcomments&post=617"}],"version-history":[{"count":16,"href":"https:\/\/pakman.ovh\/index.php?rest_route=\/wp\/v2\/pages\/617\/revisions"}],"predecessor-version":[{"id":822,"href":"https:\/\/pakman.ovh\/index.php?rest_route=\/wp\/v2\/pages\/617\/revisions\/822"}],"wp:featuredmedia":[{"embeddable":true,"href":"https:\/\/pakman.ovh\/index.php?rest_route=\/wp\/v2\/media\/813"}],"wp:attachment":[{"href":"https:\/\/pakman.ovh\/index.php?rest_route=%2Fwp%2Fv2%2Fmedia&parent=617"}],"curies":[{"name":"wp","href":"https:\/\/api.w.org\/{rel}","templated":true}]}}