{"id":733,"date":"2022-11-08T22:08:08","date_gmt":"2022-11-08T21:08:08","guid":{"rendered":"https:\/\/pakman.ovh\/?page_id=733"},"modified":"2022-12-11T09:56:05","modified_gmt":"2022-12-11T08:56:05","slug":"reponses-des-politiques","status":"publish","type":"page","link":"https:\/\/pakman.ovh\/?page_id=733","title":{"rendered":"R\u00e9ponses \/ politiques"},"content":{"rendered":"\n<p>Nous avons pos\u00e9 des questions par mail de ao\u00fbt \u00e0 septembre 2022 (voir ci-dessous).<\/p>\n\n\n\n<p>Les partis ont \u00e9t\u00e9 pr\u00e9venus que nous allions publier leur(s) r\u00e9ponse(s)<\/p>\n\n\n\n<p>Partis politiques <a rel=\"noreferrer noopener\" href=\"https:\/\/www.belgium.be\/fr\/la_belgique\/pouvoirs_publics\/democratie\/partis_politiques\" target=\"_blank\">selon liste officielle<\/a> (les r\u00e9ponses sont en dessous) avec une boule rouge\ud83d\udd34 si nous n&rsquo;avons pas re\u00e7u de r\u00e9ponse \u00e0 nos questions, une boule orange\ud83d\udfe0 si un(e) ministre du parti ou autre repr\u00e9sentant du parti ont fourni une r\u00e9ponse partielle et une boule verte\ud83d\udfe2 si les r\u00e9ponses ont \u00e9t\u00e9 donn\u00e9es au questionnaire ci-dessous:<\/p>\n\n\n\n<p>\ud83d\udd34<a href=\"http:\/\/www.cdenv.be\">CD&amp;V<\/a> &#8211; Christen-Democratisch &amp; Vlaams<br>\ud83d\udfe2<a href=\"http:\/\/www.ecolo.be\">ECOLO<\/a> &#8211; \u00c9cologistes conf\u00e9d\u00e9r\u00e9s pour l&rsquo;Organisation de Luttes originales<br>\ud83d\udd34<a href=\"https:\/\/defi.eu\/\">D\u00e9fi<\/a> &#8211; D\u00e9mocrate f\u00e9d\u00e9raliste ind\u00e9pendant\u00a0 \u00a0<br>\ud83d\udd34<a href=\"http:\/\/www.groen.be\">Groen!<\/a><br>\ud83d\udfe2<a href=\"https:\/\/www.lesengages.be\/\">Les Engag\u00e9s<\/a><br>\ud83d\udfe0<a href=\"http:\/\/www.mr.be\">MR<\/a> &#8211; Mouvement R\u00e9formateur<br>\ud83d\udfe2<a href=\"http:\/\/www.n-va.be\">N-VA<\/a> &#8211; Nieuw-Vlaamse Alliantie<br>\ud83d\udfe2<a href=\"http:\/\/www.openvld.be\/\">Open Vld<\/a> &#8211; Open Vlaamse liberalen en democraten<br>\ud83d\udfe2<a href=\"http:\/\/www.ps.be\">PS<\/a> &#8211; Parti socialiste<br>\ud83d\udd34<a href=\"https:\/\/ptb.be\">ptb<\/a>\u00a0&#8211; Parti du Travail de Belgique<br>\ud83d\udd34<a href=\"http:\/\/www.vlaamsbelang.org\">Vlaams Belang<\/a><br>\ud83d\udd34<a href=\"https:\/\/www.vooruit.org\/\">Vooruit<\/a><\/p>\n\n\n\n<p>Voici le contenu du courrier envoy\u00e9 aux partis et personnalit\u00e9s politiques qui ont bien voulu r\u00e9agir \u00e0 la parution de notre carte blanche :<\/p>\n\n\n\n<blockquote class=\"wp-block-quote is-layout-flow wp-block-quote-is-layout-flow\">\n<p>Nous vous remercions pour votre r\u00e9ponse.N\u00e9anmoins, vu l\u2019\u00e9tat d\u2019urgence climatique et environnemental, nous nous permettons de revenir vers vous.En effet, les politiques men\u00e9es actuellement sont clairement insuffisantes.Un rapport r\u00e9cent montre qu\u2019au premier trimestre de cette ann\u00e9e,&nbsp;<strong><u>les \u00e9missions de gaz \u00e0 effet de serre ont augment\u00e9 dans l\u2019Union Europ\u00e9enne<\/u><\/strong>. Et l\u2019\u00e9valuation de la tendance en Belgique par la Commission nationale climat (2021) ne laisse rien pr\u00e9sager de bon (voir fichier joint).<strong><u>Nous n\u2019allons clairement pas dans la bonne direction!<\/u><\/strong><\/p>\n\n\n\n<p>Nous nous permettons donc de revenir vers vous pour vous poser les questions suivantes:<\/p>\n\n\n\n<p>1)&nbsp;&nbsp;&nbsp;&nbsp;Avez-vous lu le r\u00e9sum\u00e9 du 3<sup>\u00e8me<\/sup>&nbsp;volet du 6<sup>\u00e8me<\/sup>&nbsp;rapport du GIEC, destin\u00e9 aux d\u00e9cideurs&nbsp;? Parution le 04 avril 2022,&nbsp;<a href=\"https:\/\/www.ipcc.ch\/report\/ar6\/wg3\/\" target=\"_blank\" rel=\"noreferrer noopener\">https:\/\/www.ipcc.ch\/report\/ar6\/wg3\/<\/a>&nbsp;&nbsp;\u2013&gt;&nbsp;<a href=\"https:\/\/plateforme-wallonne-giec.be\/re6\" target=\"_blank\" rel=\"noreferrer noopener\">https:\/\/plateforme-wallonne-giec.be\/re6<\/a><\/p>\n\n\n\n<p>Un groupe de travail approfondit-il ce sujet dans votre parti\/cabinet avec l\u2019objectif d\u2019obtenir des r\u00e9sultats significatifs \u00e0 un horizon de moins de 2 ans ?<\/p>\n\n\n\n<p>2)&nbsp;&nbsp;&nbsp;&nbsp;Quelle est la place des rapports du GIEC dans vos d\u00e9cisions politiques ?<\/p>\n\n\n\n<p>3)&nbsp;&nbsp;&nbsp;&nbsp;Est-ce que vous reconnaissez\/acceptez que l\u2019objectif prioritaire est que le pic des \u00e9missions de gaz \u00e0 effet de serre doit \u00eatre atteint dans les 2 prochaines ann\u00e9es au plus tard ?<\/p>\n\n\n\n<p>4)&nbsp;&nbsp;&nbsp;&nbsp;Consid\u00e9rez-vous que les actions entreprises pour att\u00e9nuer le d\u00e9r\u00e8glement climatique soient suffisantes et suffisamment rapides ?<\/p>\n\n\n\n<p>5)&nbsp;&nbsp;&nbsp;&nbsp;Quels sont les freins \u00e0 la mise en \u0153uvre d\u2019actions pour r\u00e9duire drastiquement notre utilisation des ressources fossiles afin de limiter les \u00e9missions de gaz \u00e0 effet de serre ?<\/p>\n\n\n\n<p>Nous vous remercions d\u2019avance pour vos r\u00e9ponses.<\/p>\n\n\n\n<p>Nous tenons \u00e0 porter \u00e0 votre connaissance que ce mail a \u00e9galement \u00e9t\u00e9 envoy\u00e9 \u00e0 tous les pr\u00e9sidents de partis et ministres comp\u00e9tents.&nbsp;<\/p>\n\n\n\n<p>Nous vous informons \u00e9galement&nbsp;que les accus\u00e9s de r\u00e9ception et les r\u00e9ponses re\u00e7ues seront rendues publiques pour le lundi 7 novembre, jour d\u2019ouverture de la COP 27.<\/p>\n\n\n\n<p>Bien cordialement.<\/p>\n\n\n\n<p>Pour le&nbsp;<strong>Collectif Pakman<\/strong>,<\/p>\n\n\n\n<p>Samuel Melchior<\/p>\n\n\n\n<p>S\u00e9bastien Erkens<\/p>\n\n\n\n<p>St\u00e9phane Vanden Eede<\/p>\n\n\n\n<p>Bernard Lambeau<\/p>\n\n\n\n<p>C\u00e9line Bertrand<\/p>\n\n\n\n<p>Le&nbsp;<strong>Collectif Pakman<\/strong>&nbsp;(en r\u00e9f\u00e9rence, notamment, \u00e0 ce bonhomme glouton qui d\u00e9vore tout sur son passage), ce sont des citoyens qui se sont associ\u00e9s pour d\u00e9noncer le&nbsp;<strong>d\u00e9ni climatique<\/strong>&nbsp;et inciter tous les niveaux de pouvoir \u00e0 prendre rapidement et d\u00e9mocratiquement les d\u00e9cisions qui s\u2019imposent.<\/p>\n<\/blockquote>\n\n\n\n<p>R\u00e9ponses re\u00e7ues :<\/p>\n\n\n\n<div data-wp-interactive=\"core\/file\" class=\"wp-block-file\"><object data-wp-bind--hidden=\"!state.hasPdfPreview\" hidden class=\"wp-block-file__embed\" data=\"https:\/\/pakman.ovh\/wp-content\/uploads\/2022\/11\/Pakman-PARTI-PS-Paul-Magnette.pdf\" type=\"application\/pdf\" style=\"width:100%;height:600px\" aria-label=\"Contenu embarqu\u00e9 Pakman-PARTI-PS-Paul-Magnette.\"><\/object><a id=\"wp-block-file--media-dfc7e4e5-1bf5-421f-b391-d6bef8439dde\" href=\"https:\/\/pakman.ovh\/wp-content\/uploads\/2022\/11\/Pakman-PARTI-PS-Paul-Magnette.pdf\">Pakman-PARTI-PS-Paul-Magnette<\/a><a href=\"https:\/\/pakman.ovh\/wp-content\/uploads\/2022\/11\/Pakman-PARTI-PS-Paul-Magnette.pdf\" class=\"wp-block-file__button wp-element-button\" download aria-describedby=\"wp-block-file--media-dfc7e4e5-1bf5-421f-b391-d6bef8439dde\">T\u00e9l\u00e9charger<\/a><\/div>\n\n\n\n<div data-wp-interactive=\"core\/file\" class=\"wp-block-file\"><object data-wp-bind--hidden=\"!state.hasPdfPreview\" hidden class=\"wp-block-file__embed\" data=\"https:\/\/pakman.ovh\/wp-content\/uploads\/2022\/11\/Pakman-MINISTRE-Adrien-Dolimont-MAIL.pdf\" type=\"application\/pdf\" style=\"width:100%;height:600px\" aria-label=\"Contenu embarqu\u00e9 Pakman-MINISTRE-Adrien-Dolimont-MAIL.\"><\/object><a id=\"wp-block-file--media-9f727f6d-b08f-4309-b1ce-a1ab3f4382fd\" href=\"https:\/\/pakman.ovh\/wp-content\/uploads\/2022\/11\/Pakman-MINISTRE-Adrien-Dolimont-MAIL.pdf\">Pakman-MINISTRE-Adrien-Dolimont-MAIL<\/a><a href=\"https:\/\/pakman.ovh\/wp-content\/uploads\/2022\/11\/Pakman-MINISTRE-Adrien-Dolimont-MAIL.pdf\" class=\"wp-block-file__button wp-element-button\" download aria-describedby=\"wp-block-file--media-9f727f6d-b08f-4309-b1ce-a1ab3f4382fd\">T\u00e9l\u00e9charger<\/a><\/div>\n\n\n\n<p><\/p>\n\n\n\n<div data-wp-interactive=\"core\/file\" class=\"wp-block-file\"><object data-wp-bind--hidden=\"!state.hasPdfPreview\" hidden class=\"wp-block-file__embed\" data=\"https:\/\/pakman.ovh\/wp-content\/uploads\/2022\/11\/Pakman-PARTI-Les-Engages.pdf\" type=\"application\/pdf\" style=\"width:100%;height:600px\" aria-label=\"Contenu embarqu\u00e9 Pakman-PARTI-Les-Engages.\"><\/object><a id=\"wp-block-file--media-6b12f781-1875-4e59-b5d0-e06f13ecb8b5\" href=\"https:\/\/pakman.ovh\/wp-content\/uploads\/2022\/11\/Pakman-PARTI-Les-Engages.pdf\">Pakman-PARTI-Les-Engages<\/a><a href=\"https:\/\/pakman.ovh\/wp-content\/uploads\/2022\/11\/Pakman-PARTI-Les-Engages.pdf\" class=\"wp-block-file__button wp-element-button\" download aria-describedby=\"wp-block-file--media-6b12f781-1875-4e59-b5d0-e06f13ecb8b5\">T\u00e9l\u00e9charger<\/a><\/div>\n\n\n\n<p><\/p>\n\n\n\n<div data-wp-interactive=\"core\/file\" class=\"wp-block-file\"><object data-wp-bind--hidden=\"!state.hasPdfPreview\" hidden class=\"wp-block-file__embed\" data=\"https:\/\/pakman.ovh\/wp-content\/uploads\/2022\/11\/Pakman-PARTI-ECOLO.pdf\" type=\"application\/pdf\" style=\"width:100%;height:600px\" aria-label=\"Contenu embarqu\u00e9 Pakman-PARTI-ECOLO.\"><\/object><a id=\"wp-block-file--media-589b1198-9c31-4d29-abaf-804956ec58e1\" href=\"https:\/\/pakman.ovh\/wp-content\/uploads\/2022\/11\/Pakman-PARTI-ECOLO.pdf\">Pakman-PARTI-ECOLO<\/a><a href=\"https:\/\/pakman.ovh\/wp-content\/uploads\/2022\/11\/Pakman-PARTI-ECOLO.pdf\" class=\"wp-block-file__button wp-element-button\" download aria-describedby=\"wp-block-file--media-589b1198-9c31-4d29-abaf-804956ec58e1\">T\u00e9l\u00e9charger<\/a><\/div>\n\n\n\n<div data-wp-interactive=\"core\/file\" class=\"wp-block-file\"><object data-wp-bind--hidden=\"!state.hasPdfPreview\" hidden class=\"wp-block-file__embed\" data=\"https:\/\/pakman.ovh\/wp-content\/uploads\/2022\/11\/Pakman-MINISTRE-Lydia-Peeters-MAIL.pdf\" type=\"application\/pdf\" style=\"width:100%;height:600px\" aria-label=\"Contenu embarqu\u00e9 Pakman-MINISTRE-Lydia-Peeters-MAIL.\"><\/object><a id=\"wp-block-file--media-478869b2-438a-4be5-a339-c16a18b61d0c\" href=\"https:\/\/pakman.ovh\/wp-content\/uploads\/2022\/11\/Pakman-MINISTRE-Lydia-Peeters-MAIL.pdf\">Pakman-MINISTRE-Lydia-Peeters-MAIL<\/a><a href=\"https:\/\/pakman.ovh\/wp-content\/uploads\/2022\/11\/Pakman-MINISTRE-Lydia-Peeters-MAIL.pdf\" class=\"wp-block-file__button wp-element-button\" download aria-describedby=\"wp-block-file--media-478869b2-438a-4be5-a339-c16a18b61d0c\">T\u00e9l\u00e9charger<\/a><\/div>\n\n\n\n<div data-wp-interactive=\"core\/file\" class=\"wp-block-file\"><object data-wp-bind--hidden=\"!state.hasPdfPreview\" hidden class=\"wp-block-file__embed\" data=\"https:\/\/pakman.ovh\/wp-content\/uploads\/2022\/11\/Pakman-MINISTRE-OpenVLD-Bart-Somers-MAIL.pdf\" type=\"application\/pdf\" style=\"width:100%;height:600px\" aria-label=\"Contenu embarqu\u00e9 Pakman-MINISTRE-OpenVLD-Bart-Somers-MAIL.\"><\/object><a id=\"wp-block-file--media-56985828-ff1c-4d21-94ae-6e49bd8ac1e5\" href=\"https:\/\/pakman.ovh\/wp-content\/uploads\/2022\/11\/Pakman-MINISTRE-OpenVLD-Bart-Somers-MAIL.pdf\">Pakman-MINISTRE-OpenVLD-Bart-Somers-MAIL<\/a><a href=\"https:\/\/pakman.ovh\/wp-content\/uploads\/2022\/11\/Pakman-MINISTRE-OpenVLD-Bart-Somers-MAIL.pdf\" class=\"wp-block-file__button wp-element-button\" download aria-describedby=\"wp-block-file--media-56985828-ff1c-4d21-94ae-6e49bd8ac1e5\">T\u00e9l\u00e9charger<\/a><\/div>\n\n\n\n<div data-wp-interactive=\"core\/file\" class=\"wp-block-file\"><object data-wp-bind--hidden=\"!state.hasPdfPreview\" hidden class=\"wp-block-file__embed\" data=\"https:\/\/pakman.ovh\/wp-content\/uploads\/2022\/12\/Pakman-MINISTRE-NVa-Zuhal-DEMIR-MAIL-1.pdf\" type=\"application\/pdf\" style=\"width:100%;height:600px\" aria-label=\"Contenu embarqu\u00e9 Pakman-MINISTRE-NVa-Zuhal-DEMIR-MAIL-1.\"><\/object><a id=\"wp-block-file--media-0e3cc9d7-6ce7-4fcf-8924-8967a2f7e135\" href=\"https:\/\/pakman.ovh\/wp-content\/uploads\/2022\/12\/Pakman-MINISTRE-NVa-Zuhal-DEMIR-MAIL-1.pdf\">Pakman-MINISTRE-NVa-Zuhal-DEMIR-MAIL-1<\/a><a href=\"https:\/\/pakman.ovh\/wp-content\/uploads\/2022\/12\/Pakman-MINISTRE-NVa-Zuhal-DEMIR-MAIL-1.pdf\" class=\"wp-block-file__button wp-element-button\" download aria-describedby=\"wp-block-file--media-0e3cc9d7-6ce7-4fcf-8924-8967a2f7e135\">T\u00e9l\u00e9charger<\/a><\/div>\n\n\n\n<p>Les autres partis n&rsquo;ont pas r\u00e9pondu jusqu&rsquo;\u00e0 pr\u00e9sent ou ont uniquement envoy\u00e9 un accus\u00e9 de r\u00e9ception sans suite jusqu&rsquo;\u00e0 cette date. Il leur a \u00e9t\u00e9 pr\u00e9cis\u00e9 qu&rsquo;au del\u00e0 du 7 novembre 2022, leurs r\u00e9ponses seraient rendues publiques.<\/p>\n","protected":false},"excerpt":{"rendered":"<p>Nous avons pos\u00e9 des questions par mail de ao\u00fbt \u00e0 septembre 2022 (voir ci-dessous). Les partis ont \u00e9t\u00e9 pr\u00e9venus que nous allions publier leur(s) r\u00e9ponse(s) Partis politiques selon liste officielle (les r\u00e9ponses sont en dessous) avec une boule rouge\ud83d\udd34 si nous n&rsquo;avons pas re\u00e7u de r\u00e9ponse \u00e0 nos questions, une boule orange\ud83d\udfe0 si un(e) ministre [&hellip;]<\/p>\n","protected":false},"author":1,"featured_media":0,"parent":0,"menu_order":0,"comment_status":"closed","ping_status":"closed","template":"","meta":{"footnotes":""},"class_list":["post-733","page","type-page","status-publish","hentry"],"_links":{"self":[{"href":"https:\/\/pakman.ovh\/index.php?rest_route=\/wp\/v2\/pages\/733","targetHints":{"allow":["GET"]}}],"collection":[{"href":"https:\/\/pakman.ovh\/index.php?rest_route=\/wp\/v2\/pages"}],"about":[{"href":"https:\/\/pakman.ovh\/index.php?rest_route=\/wp\/v2\/types\/page"}],"author":[{"embeddable":true,"href":"https:\/\/pakman.ovh\/index.php?rest_route=\/wp\/v2\/users\/1"}],"replies":[{"embeddable":true,"href":"https:\/\/pakman.ovh\/index.php?rest_route=%2Fwp%2Fv2%2Fcomments&post=733"}],"version-history":[{"count":15,"href":"https:\/\/pakman.ovh\/index.php?rest_route=\/wp\/v2\/pages\/733\/revisions"}],"predecessor-version":[{"id":906,"href":"https:\/\/pakman.ovh\/index.php?rest_route=\/wp\/v2\/pages\/733\/revisions\/906"}],"wp:attachment":[{"href":"https:\/\/pakman.ovh\/index.php?rest_route=%2Fwp%2Fv2%2Fmedia&parent=733"}],"curies":[{"name":"wp","href":"https:\/\/api.w.org\/{rel}","templated":true}]}}