{"id":874,"date":"2022-11-20T11:39:48","date_gmt":"2022-11-20T10:39:48","guid":{"rendered":"https:\/\/pakman.ovh\/?page_id=874"},"modified":"2022-11-20T15:07:10","modified_gmt":"2022-11-20T14:07:10","slug":"remerciements","status":"publish","type":"page","link":"https:\/\/pakman.ovh\/?page_id=874","title":{"rendered":"Remerciements"},"content":{"rendered":"\n<p>Les trois signataires de base de la carte blanche \u00e0 l&rsquo;origine de l&rsquo;action Pakman d&rsquo;ao\u00fbt 2002 jusqu&rsquo;\u00e0 novembre 2022 : Samuel Melchior, S\u00e9bastien Erkens et St\u00e9phane Vanden Eede rejoints en ao\u00fbt par C\u00e9line Bertrand et Bernard Lambeau et par la suite par Aasha Cinta, Simon Weisser, Matteo Pisano et leurs proches.<\/p>\n\n\n\n<p>Nous remercions : <\/p>\n\n\n\n<p>V\u00e9ronique Chopinet pour le travail extraordinaire de sculpture de la pierre de Rosette du climat.<\/p>\n\n\n\n<p>Les associations pour leurs interventions et leurs aides diverses, en particulier : Youth for Climate, Rise for Climate, Grands-parents pour le climat ainsi que la coalition climat.<\/p>\n\n\n\n<p>Le forum inter-universitaire ainsi que tous les membres du personnel des universit\u00e9s qui ont particip\u00e9 de pr\u00e8s ou de loin aux <a href=\"https:\/\/nc.pakman.ovh\/\">nuits climatiques<\/a>, ainsi que tous les orateurs qui ont r\u00e9pondu positivement \u00e0 l&rsquo;invitation.<\/p>\n\n\n\n<p>Tous les citoyens de tous horizons qui ont particip\u00e9 \u00e0 une ou plusieurs activit\u00e9(s) dans la pr\u00e9paration ou le d\u00e9roulement de la #SchumanCOP27.<\/p>\n\n\n\n<p>L&rsquo;h\u00f4tel <a rel=\"noreferrer noopener\" href=\"https:\/\/www.martinshotels.com\/fr\/page\/martins-brussels-eu\/hotel-4-etoiles-dans-le-centre-martins-brussels-eu.11057.html\" target=\"_blank\">Martin&rsquo;s Brussels EU<\/a> pour la fourniture de viennoiseries en surplus pendant les deux semaines.<\/p>\n\n\n\n<p>La ville de Bruxelles pour le site \u00e0 Schuman et la logistique li\u00e9e.<\/p>\n\n\n\n<p>Nous remercions ensuite tout particuli\u00e8rement les amis de Simon pour la gestion des gardes 24h sur 24 du site et surtout leur disponibilit\u00e9 en derni\u00e8re minute lorsque l&rsquo;on avait besoin d&rsquo;eux; ainsi que Gobs pour nous avoir sauv\u00e9 d\u00e8s les premi\u00e8res nuits de garde, tout comme Emmanuel ainsi que Willy &amp; sa famille \u00e0 plusieurs reprises pour les suivantes. Il faut \u00e9galement ajouter : Dominika, Fernando, CCAB (Christian Climate Action Belgium) &amp; friends, Mags, Bastien, Jean-Louis, la famille V.E., Nadia, Laurence, Claire&#8230; et tous les amis qui se sont sacrifi\u00e9s.<\/p>\n\n\n\n<p>Helen et Boon pour les flux EN et NL<\/p>\n\n\n\n<p>Nos proches et nos familles.<\/p>\n","protected":false},"excerpt":{"rendered":"<p>Les trois signataires de base de la carte blanche \u00e0 l&rsquo;origine de l&rsquo;action Pakman d&rsquo;ao\u00fbt 2002 jusqu&rsquo;\u00e0 novembre 2022 : Samuel Melchior, S\u00e9bastien Erkens et St\u00e9phane Vanden Eede rejoints en ao\u00fbt par C\u00e9line Bertrand et Bernard Lambeau et par la suite par Aasha Cinta, Simon Weisser, Matteo Pisano et leurs proches. Nous remercions : V\u00e9ronique [&hellip;]<\/p>\n","protected":false},"author":1,"featured_media":0,"parent":0,"menu_order":0,"comment_status":"closed","ping_status":"closed","template":"","meta":{"footnotes":""},"class_list":["post-874","page","type-page","status-publish","hentry"],"_links":{"self":[{"href":"https:\/\/pakman.ovh\/index.php?rest_route=\/wp\/v2\/pages\/874","targetHints":{"allow":["GET"]}}],"collection":[{"href":"https:\/\/pakman.ovh\/index.php?rest_route=\/wp\/v2\/pages"}],"about":[{"href":"https:\/\/pakman.ovh\/index.php?rest_route=\/wp\/v2\/types\/page"}],"author":[{"embeddable":true,"href":"https:\/\/pakman.ovh\/index.php?rest_route=\/wp\/v2\/users\/1"}],"replies":[{"embeddable":true,"href":"https:\/\/pakman.ovh\/index.php?rest_route=%2Fwp%2Fv2%2Fcomments&post=874"}],"version-history":[{"count":14,"href":"https:\/\/pakman.ovh\/index.php?rest_route=\/wp\/v2\/pages\/874\/revisions"}],"predecessor-version":[{"id":892,"href":"https:\/\/pakman.ovh\/index.php?rest_route=\/wp\/v2\/pages\/874\/revisions\/892"}],"wp:attachment":[{"href":"https:\/\/pakman.ovh\/index.php?rest_route=%2Fwp%2Fv2%2Fmedia&parent=874"}],"curies":[{"name":"wp","href":"https:\/\/api.w.org\/{rel}","templated":true}]}}